{"id":880,"date":"2015-08-27T10:12:10","date_gmt":"2015-08-27T10:12:10","guid":{"rendered":"http:\/\/quanticalabs.com\/wptest\/carservice\/?page_id=880"},"modified":"2025-06-12T15:46:50","modified_gmt":"2025-06-12T12:46:50","slug":"teklif-formu","status":"publish","type":"page","link":"https:\/\/ayhanelektromekanik.com\/index.php\/teklif-formu\/","title":{"rendered":"Teklif Formu"},"content":{"rendered":"<p>[vc_row top_margin=&#8221;page-margin-top&#8221;][vc_column]<h2 class=\" box-header\">TEKL\u0130F FORMU<\/h2>[vc_column_text el_class=&#8221;description align-center&#8221;]Almak istedi\u011finiz hizmete y\u00f6nelik ayr\u0131nt\u0131lar\u0131 a\u015fa\u011f\u0131daki teklif formunda belirtiniz. Bize iletti\u011finiz ileti\u015fim kanallar\u0131ndan sizlere geri d\u00f6n\u00fc\u015f sa\u011flanacakt\u0131r.[\/vc_column_text][\/vc_column][\/vc_row][vc_row type=&#8221;cost-calculator-container&#8221; top_margin=&#8221;page-margin-top&#8221; el_class=&#8221;padding-bottom-66&#8243;][vc_column][vc_raw_html]JTNDc3R5bGUlMjB0eXBlJTNEJTIydGV4dCUyRmNzcyUyMiUzRSUwQS5jb21tZW50LWZvcm0lMjBpbnB1dCUyQyUyMC5jb250YWN0LWZvcm0lMjBpbnB1dCUyMCU3QiUwQSUyMCUyMCUyMCUyMG1hcmdpbi10b3AlM0ElMjAwcHglMjFpbXBvcnRhbnQlM0IlMEElN0QlMEElM0MlMkZzdHlsZSUzRQ==[\/vc_raw_html][vc_raw_html]JTNDJTIxLS0lMjBHZXJla2xpJTIwQ1NTJTIwdmUlMjBKUyUyMC0tJTNFJTBBJTNDbGluayUyMGhyZWYlM0QlMjJodHRwcyUzQSUyRiUyRmNkbi5qc2RlbGl2ci5uZXQlMkZucG0lMkZib290c3RyYXAlNDA1LjAuMiUyRmRpc3QlMkZjc3MlMkZib290c3RyYXAubWluLmNzcyUyMiUyMHJlbCUzRCUyMnN0eWxlc2hlZXQlMjIlM0UlMEElM0NzY3JpcHQlMjBzcmMlM0QlMjJodHRwcyUzQSUyRiUyRnd3dy5nb29nbGUuY29tJTJGcmVjYXB0Y2hhJTJGYXBpLmpzJTNGcmVuZGVyJTNENkxmZUYxNHJBQUFBQUNoVk5kOHB0dW1ZbkI1SGpjVElnd2gza1BOSyUyMiUzRSUzQyUyRnNjcmlwdCUzRSUyMCUzQyUyMS0tJTIwc2l0ZSUyMGtleSUyMGclQzMlQkNuY2VsJTIwa2FsbWFsJUM0JUIxJTIwLS0lM0UlMEElM0NzY3JpcHQlMjBzcmMlM0QlMjJodHRwcyUzQSUyRiUyRmNvZGUuanF1ZXJ5LmNvbSUyRmpxdWVyeS0zLjYuMC5taW4uanMlMjIlM0UlM0MlMkZzY3JpcHQlM0UlMEElMEElM0NkaXYlMjBjbGFzcyUzRCUyMmNvbnRhaW5lciUyMG10LTQlMjIlM0UlMEElMjAlMjAlM0Nmb3JtJTIwaWQlM0QlMjJ0ZWtsaWZGb3JtdSUyMiUyMGNsYXNzJTNEJTIycm93JTIwZy0zJTIyJTNFJTBBJTIwJTIwJTIwJTIwJTNDZGl2JTIwY2xhc3MlM0QlMjJjb2wtbWQtMTIlMjIlM0UlMEElMjAlMjAlMjAlMjAlMjAlMjAlM0NsYWJlbCUyMGNsYXNzJTNEJTIyZm9ybS1sYWJlbCUyMiUzRUFkJTIwU295YWQlM0MlMkZsYWJlbCUzRSUwQSUyMCUyMCUyMCUyMCUyMCUyMCUzQ2lucHV0JTIwdHlwZSUzRCUyMnRleHQlMjIlMjBuYW1lJTNEJTIyYWRpbml6JTIyJTIwY2xhc3MlM0QlMjJmb3JtLWNvbnRyb2wlMjIlMjByZXF1aXJlZCUzRSUwQSUyMCUyMCUyMCUyMCUzQyUyRmRpdiUzRSUwQSUwQSUyMCUyMCUyMCUyMCUzQ2RpdiUyMGNsYXNzJTNEJTIyY29sLW1kLTEyJTIyJTNFJTBBJTIwJTIwJTIwJTIwJTIwJTIwJTNDbGFiZWwlMjBjbGFzcyUzRCUyMmZvcm0tbGFiZWwlMjIlM0VGaXJtYSUyMEFkJUM0JUIxJTNDJTJGbGFiZWwlM0UlMEElMjAlMjAlMjAlMjAlMjAlMjAlM0NpbnB1dCUyMHR5cGUlM0QlMjJ0ZXh0JTIyJTIwbmFtZSUzRCUyMmZpcm1hX2FkaSUyMiUyMGNsYXNzJTNEJTIyZm9ybS1jb250cm9sJTIyJTIwcmVxdWlyZWQlM0UlMEElMjAlMjAlMjAlMjAlM0MlMkZkaXYlM0UlMEElMEElMjAlMjAlMjAlMjAlM0NkaXYlMjBjbGFzcyUzRCUyMmNvbC1tZC0xMiUyMiUzRSUwQSUyMCUyMCUyMCUyMCUyMCUyMCUzQ2xhYmVsJTIwY2xhc3MlM0QlMjJmb3JtLWxhYmVsJTIyJTNFSGl6bWV0JTIwU2UlQzMlQTdpbWklM0MlMkZsYWJlbCUzRSUwQSUyMCUyMCUyMCUyMCUyMCUyMCUzQ3NlbGVjdCUyMG5hbWUlM0QlMjJoaXptZXRfc2VjaW1pJTIyJTIwY2xhc3MlM0QlMjJmb3JtLXNlbGVjdCUyMiUyMHJlcXVpcmVkJTNFJTBBJTIwJTIwJTIwJTIwJTIwJTIwJTIwJTIwJTNDb3B0aW9uJTIwdmFsdWUlM0QlMjJNZWthbmlrJTIwVGFzYXIlQzQlQjFtJTJDJTIwJUM0JUIwbWFsYXQlMjB2ZSUyME1vbnRhaiUyMiUzRU1la2FuaWslMjBUYXNhciVDNCVCMW0lMkMlMjAlQzQlQjBtYWxhdCUyMHZlJTIwTW9udGFqJTNDJTJGb3B0aW9uJTNFJTBBJTIwJTIwJTIwJTIwJTIwJTIwJTIwJTIwJTNDb3B0aW9uJTIwdmFsdWUlM0QlMjJFbGVrdHJpayUyMHZlJTIwT3RvbWFzeW9uJTIyJTNFRWxla3RyaWslMjB2ZSUyME90b21hc3lvbiUzQyUyRm9wdGlvbiUzRSUwQSUyMCUyMCUyMCUyMCUyMCUyMCUyMCUyMCUzQ29wdGlvbiUyMHZhbHVlJTNEJTIyVGVzdCUyMHZlJTIwRGV2cmV5ZSUyMEFsbWElMjIlM0VUZXN0JTIwdmUlMjBEZXZyZXllJTIwQWxtYSUzQyUyRm9wdGlvbiUzRSUwQSUyMCUyMCUyMCUyMCUyMCUyMCUyMCUyMCUzQ29wdGlvbiUyMHZhbHVlJTNEJTIyRGFuJUM0JUIxJUM1JTlGbWFubCVDNCVCMWslMjBIaXptZXRpJTIyJTNFRGFuJUM0JUIxJUM1JTlGbWFubCVDNCVCMWslMjBIaXptZXRpJTNDJTJGb3B0aW9uJTNFJTBBJTIwJTIwJTIwJTIwJTIwJTIwJTNDJTJGc2VsZWN0JTNFJTBBJTIwJTIwJTIwJTIwJTIwJTIwJTNDcCUzRUFsbWFrJTIwaXN0ZWRpJUM0JTlGaW5peiUyMGhpem1ldCUyMGxpc3RlZGUlMjB5b2tzYSUyMGlsZ2lsaSUyMGhpem1ldGklMjBub3QlMjBrJUM0JUIxc20lQzQlQjFuZGElMjBiZWxpcnRlYmlsaXJzaW5peiUzQyUyRnAlM0UlMEElMjAlMjAlMjAlMjAlM0MlMkZkaXYlM0UlMEElMEElMjAlMjAlMjAlMjAlM0NkaXYlMjBjbGFzcyUzRCUyMmNvbC1tZC02JTIyJTNFJTBBJTIwJTIwJTIwJTIwJTIwJTIwJTNDbGFiZWwlMjBjbGFzcyUzRCUyMmZvcm0tbGFiZWwlMjIlM0VUZWxlZm9uJTIwTnVtYXJhcyVDNCVCMSUzQyUyRmxhYmVsJTNFJTBBJTIwJTIwJTIwJTIwJTIwJTIwJTNDaW5wdXQlMjBuYW1lJTNEJTIydGVsX251bSUyMiUyMHR5cGUlM0QlMjJ0ZXh0JTIyJTIwY2xhc3MlM0QlMjJmb3JtLWNvbnRyb2wlMjIlMjByZXF1aXJlZCUzRSUwQSUyMCUyMCUyMCUyMCUzQyUyRmRpdiUzRSUwQSUwQSUyMCUyMCUyMCUyMCUzQ2RpdiUyMGNsYXNzJTNEJTIyY29sLW1kLTYlMjIlM0UlMEElMjAlMjAlMjAlMjAlMjAlMjAlM0NsYWJlbCUyMGNsYXNzJTNEJTIyZm9ybS1sYWJlbCUyMiUzRUUtcG9zdGElMjBBZHJlc2klM0MlMkZsYWJlbCUzRSUwQSUyMCUyMCUyMCUyMCUyMCUyMCUzQ2lucHV0JTIwbmFtZSUzRCUyMmVtYWlsJTIyJTIwdHlwZSUzRCUyMmVtYWlsJTIyJTIwY2xhc3MlM0QlMjJmb3JtLWNvbnRyb2wlMjIlM0UlMEElMjAlMjAlMjAlMjAlM0MlMkZkaXYlM0UlMEElMEElMjAlMjAlMjAlMjAlM0NkaXYlMjBjbGFzcyUzRCUyMmNvbC1tZC0xMiUyMiUzRSUwQSUyMCUyMCUyMCUyMCUyMCUyMCUzQ2xhYmVsJTIwY2xhc3MlM0QlMjJmb3JtLWxhYmVsJTIyJTNFTm90JTNDJTJGbGFiZWwlM0UlMEElMjAlMjAlMjAlMjAlMjAlMjAlM0N0ZXh0YXJlYSUyMG5hbWUlM0QlMjJtZXNhaiUyMiUyMGNsYXNzJTNEJTIyZm9ybS1jb250cm9sJTIyJTIwcmVxdWlyZWQlM0UlM0MlMkZ0ZXh0YXJlYSUzRSUwQSUyMCUyMCUyMCUyMCUzQyUyRmRpdiUzRSUwQSUwQSUyMCUyMCUyMCUyMCUzQ2lucHV0JTIwdHlwZSUzRCUyMmhpZGRlbiUyMiUyMGlkJTNEJTIycmVjYXB0Y2hhVG9rZW4lMjIlMjBuYW1lJTNEJTIycmVjYXB0Y2hhX3Rva2VuJTIyJTNFJTBBJTBBJTIwJTIwJTIwJTIwJTNDYnIlM0UlMEElMEElMjAlMjAlMjAlMjAlM0NkaXYlMjBjbGFzcyUzRCUyMmNvbC0xMiUyMiUzRSUwQSUyMCUyMCUyMCUyMCUyMCUyMCUzQ2J1dHRvbiUyMHR5cGUlM0QlMjJzdWJtaXQlMjIlMjBpZCUzRCUyMmdvbmRlckJ1dHRvbiUyMiUyMGNsYXNzJTNEJTIyYnRuJTIwYnRuLXByaW1hcnklMjIlM0VUYWxlYmklMjBHJUMzJUI2bmRlciUzQyUyRmJ1dHRvbiUzRSUwQSUyMCUyMCUyMCUyMCUzQyUyRmRpdiUzRSUwQSUwQSUyMCUyMCUyMCUyMCUzQ2RpdiUyMGlkJTNEJTIyZm9ybVNvbnVjJTIyJTIwY2xhc3MlM0QlMjJtdC0zJTIyJTNFJTNDJTJGZGl2JTNFJTBBJTIwJTIwJTNDJTJGZm9ybSUzRSUwQSUzQyUyRmRpdiUzRQ==[\/vc_raw_html][vc_raw_js]JTNDc2NyaXB0JTNFJTBBJTIwJTIwalF1ZXJ5JTI4ZG9jdW1lbnQlMjkucmVhZHklMjhmdW5jdGlvbiUyOCUyNCUyOSUyMCU3QiUwQSUyMCUyMCUyMCUyMCUyNCUyOCUyMiUyM3Rla2xpZkZvcm11JTIyJTI5Lm9uJTI4JTIyc3VibWl0JTIyJTJDJTIwZnVuY3Rpb24lMjhlJTI5JTIwJTdCJTBBJTIwJTIwJTIwJTIwJTIwJTIwZS5wcmV2ZW50RGVmYXVsdCUyOCUyOSUzQiUwQSUwQSUyMCUyMCUyMCUyMCUyMCUyMGdyZWNhcHRjaGEucmVhZHklMjhmdW5jdGlvbiUyOCUyOSUyMCU3QiUwQSUyMCUyMCUyMCUyMCUyMCUyMCUyMCUyMGdyZWNhcHRjaGEuZXhlY3V0ZSUyOCUyNzZMZmVGMTRyQUFBQUFDaFZOZDhwdHVtWW5CNUhqY1RJZ3doM2tQTkslMjclMkMlMjAlN0JhY3Rpb24lM0ElMjAlMjdpbGV0aXNpbV9mb3JtdSUyNyU3RCUyOS50aGVuJTI4ZnVuY3Rpb24lMjh0b2tlbiUyOSUyMCU3QiUwQSUyMCUyMCUyMCUyMCUyMCUyMCUyMCUyMCUyMCUyMCUyNCUyOCUyNyUyM3JlY2FwdGNoYVRva2VuJTI3JTI5LnZhbCUyOHRva2VuJTI5JTNCJTBBJTBBJTIwJTIwJTIwJTIwJTIwJTIwJTIwJTIwJTIwJTIwdmFyJTIwZm9ybURhdGElMjAlM0QlMjAlMjQlMjglMjIlMjN0ZWtsaWZGb3JtdSUyMiUyOS5zZXJpYWxpemUlMjglMjklM0IlMEElMjAlMjAlMjAlMjAlMjAlMjAlMjAlMjAlMjAlMjAlMjQlMjglMjIlMjNnb25kZXJCdXR0b24lMjIlMjkucHJvcCUyOCUyMmRpc2FibGVkJTIyJTJDJTIwdHJ1ZSUyOS50ZXh0JTI4JTIyRyVDMyVCNm5kZXJpbGl5b3IuLi4lMjIlMjklM0IlMEElMEElMjAlMjAlMjAlMjAlMjAlMjAlMjAlMjAlMjAlMjAlMjQuYWpheCUyOCU3QiUwQSUyMCUyMCUyMCUyMCUyMCUyMCUyMCUyMCUyMCUyMCUyMCUyMHVybCUzQSUyMCUyMmh0dHBzJTNBJTJGJTJGYXJ0aXByb3Nlcy5jb20lMkZheWhhbi1lbGstc210cCUyRnRla2xpZi1oYW5kbGVyLnBocCUyMiUyQyUwQSUyMCUyMCUyMCUyMCUyMCUyMCUyMCUyMCUyMCUyMCUyMCUyMHR5cGUlM0ElMjAlMjJQT1NUJTIyJTJDJTBBJTIwJTIwJTIwJTIwJTIwJTIwJTIwJTIwJTIwJTIwJTIwJTIwZGF0YSUzQSUyMGZvcm1EYXRhJTJDJTBBJTIwJTIwJTIwJTIwJTIwJTIwJTIwJTIwJTIwJTIwJTIwJTIwc3VjY2VzcyUzQSUyMGZ1bmN0aW9uJTI4cmVzcG9uc2UlMjklMjAlN0IlMEElMjAlMjAlMjAlMjAlMjAlMjAlMjAlMjAlMjAlMjAlMjAlMjAlMjAlMjAlMjQlMjglMjIlMjNmb3JtU29udWMlMjIlMjkuaHRtbCUyOHJlc3BvbnNlJTI5JTNCJTBBJTIwJTIwJTIwJTIwJTIwJTIwJTIwJTIwJTIwJTIwJTIwJTIwJTIwJTIwJTI0JTI4JTIyJTIzZ29uZGVyQnV0dG9uJTIyJTI5LnByb3AlMjglMjJkaXNhYmxlZCUyMiUyQyUyMGZhbHNlJTI5LnRleHQlMjglMjJNZXNhaiVDNCVCMSUyMEclQzMlQjZuZGVyJTIyJTI5JTNCJTBBJTIwJTIwJTIwJTIwJTIwJTIwJTIwJTIwJTIwJTIwJTIwJTIwJTIwJTIwJTI0JTI4JTIyJTIzdGVrbGlmRm9ybXUlMjIlMjklNUIwJTVELnJlc2V0JTI4JTI5JTNCJTBBJTIwJTIwJTIwJTIwJTIwJTIwJTIwJTIwJTIwJTIwJTIwJTIwJTdEJTJDJTBBJTIwJTIwJTIwJTIwJTIwJTIwJTIwJTIwJTIwJTIwJTIwJTIwZXJyb3IlM0ElMjBmdW5jdGlvbiUyOHhociUyQyUyMHN0YXR1cyUyQyUyMGVycm9yJTI5JTIwJTdCJTBBJTIwJTIwJTIwJTIwJTIwJTIwJTIwJTIwJTIwJTIwJTIwJTIwJTIwJTIwJTI0JTI4JTIyJTIzZm9ybVNvbnVjJTIyJTI5Lmh0bWwlMjglMjclM0NkaXYlMjBjbGFzcyUzRCUyMmFsZXJ0JTIwYWxlcnQtZGFuZ2VyJTIyJTNFQmlyJTIwaGF0YSUyMG9sdSVDNSU5RnR1LiUyMEwlQzMlQkN0ZmVuJTIwdGVrcmFyJTIwZGVuZXlpbi4lM0MlMkZkaXYlM0UlMjclMjklM0IlMEElMjAlMjAlMjAlMjAlMjAlMjAlMjAlMjAlMjAlMjAlMjAlMjAlMjAlMjAlMjQlMjglMjIlMjNnb25kZXJCdXR0b24lMjIlMjkucHJvcCUyOCUyMmRpc2FibGVkJTIyJTJDJTIwZmFsc2UlMjkudGV4dCUyOCUyMk1lc2FqJUM0JUIxJTIwRyVDMyVCNm5kZXIlMjIlMjklM0IlMEElMjAlMjAlMjAlMjAlMjAlMjAlMjAlMjAlMjAlMjAlMjAlMjAlN0QlMEElMjAlMjAlMjAlMjAlMjAlMjAlMjAlMjAlMjAlMjAlN0QlMjklM0IlMEElMjAlMjAlMjAlMjAlMjAlMjAlMjAlMjAlN0QlMjklM0IlMEElMjAlMjAlMjAlMjAlMjAlMjAlN0QlMjklM0IlMEElMjAlMjAlMjAlMjAlN0QlMjklM0IlMEElMjAlMjAlN0QlMjklM0IlMEElM0MlMkZzY3JpcHQlM0U=[\/vc_raw_js][\/vc_column][\/vc_row]<\/p>\n","protected":false},"excerpt":{"rendered":"<p>[vc_row top_margin=&#8221;page-margin-top&#8221;][vc_column][vc_column_text el_class=&#8221;description align-center&#8221;]Almak istedi\u011finiz hizmete y\u00f6nelik ayr\u0131nt\u0131lar\u0131 a\u015fa\u011f\u0131daki teklif formunda belirtiniz. Bize iletti\u011finiz ileti\u015fim kanallar\u0131ndan sizlere geri d\u00f6n\u00fc\u015f sa\u011flanacakt\u0131r.[\/vc_column_text][\/vc_column][\/vc_row][vc_row type=&#8221;cost-calculator-container&#8221; top_margin=&#8221;page-margin-top&#8221; el_class=&#8221;padding-bottom-66&#8243;][vc_column][vc_raw_html]JTNDc3R5bGUlMjB0eXBlJTNEJTIydGV4dCUyRmNzcyUyMiUzRSUwQS5jb21tZW50LWZvcm0lMjBpbnB1dCUyQyUyMC5jb250YWN0LWZvcm0lMjBpbnB1dCUyMCU3QiUwQSUyMCUyMCUyMCUyMG1hcmdpbi10b3AlM0ElMjAwcHglMjFpbXBvcnRhbnQlM0IlMEElN0QlMEElM0MlMkZzdHlsZSUzRQ==[\/vc_raw_html][vc_raw_html]JTNDJTIxLS0lMjBHZXJla2xpJTIwQ1NTJTIwdmUlMjBKUyUyMC0tJTNFJTBBJTNDbGluayUyMGhyZWYlM0QlMjJodHRwcyUzQSUyRiUyRmNkbi5qc2RlbGl2ci5uZXQlMkZucG0lMkZib290c3RyYXAlNDA1LjAuMiUyRmRpc3QlMkZjc3MlMkZib290c3RyYXAubWluLmNzcyUyMiUyMHJlbCUzRCUyMnN0eWxlc2hlZXQlMjIlM0UlMEElM0NzY3JpcHQlMjBzcmMlM0QlMjJodHRwcyUzQSUyRiUyRnd3dy5nb29nbGUuY29tJTJGcmVjYXB0Y2hhJTJGYXBpLmpzJTNGcmVuZGVyJTNENkxmZUYxNHJBQUFBQUNoVk5kOHB0dW1ZbkI1SGpjVElnd2gza1BOSyUyMiUzRSUzQyUyRnNjcmlwdCUzRSUyMCUzQyUyMS0tJTIwc2l0ZSUyMGtleSUyMGclQzMlQkNuY2VsJTIwa2FsbWFsJUM0JUIxJTIwLS0lM0UlMEElM0NzY3JpcHQlMjBzcmMlM0QlMjJodHRwcyUzQSUyRiUyRmNvZGUuanF1ZXJ5LmNvbSUyRmpxdWVyeS0zLjYuMC5taW4uanMlMjIlM0UlM0MlMkZzY3JpcHQlM0UlMEElMEElM0NkaXYlMjBjbGFzcyUzRCUyMmNvbnRhaW5lciUyMG10LTQlMjIlM0UlMEElMjAlMjAlM0Nmb3JtJTIwaWQlM0QlMjJ0ZWtsaWZGb3JtdSUyMiUyMGNsYXNzJTNEJTIycm93JTIwZy0zJTIyJTNFJTBBJTIwJTIwJTIwJTIwJTNDZGl2JTIwY2xhc3MlM0QlMjJjb2wtbWQtMTIlMjIlM0UlMEElMjAlMjAlMjAlMjAlMjAlMjAlM0NsYWJlbCUyMGNsYXNzJTNEJTIyZm9ybS1sYWJlbCUyMiUzRUFkJTIwU295YWQlM0MlMkZsYWJlbCUzRSUwQSUyMCUyMCUyMCUyMCUyMCUyMCUzQ2lucHV0JTIwdHlwZSUzRCUyMnRleHQlMjIlMjBuYW1lJTNEJTIyYWRpbml6JTIyJTIwY2xhc3MlM0QlMjJmb3JtLWNvbnRyb2wlMjIlMjByZXF1aXJlZCUzRSUwQSUyMCUyMCUyMCUyMCUzQyUyRmRpdiUzRSUwQSUwQSUyMCUyMCUyMCUyMCUzQ2RpdiUyMGNsYXNzJTNEJTIyY29sLW1kLTEyJTIyJTNFJTBBJTIwJTIwJTIwJTIwJTIwJTIwJTNDbGFiZWwlMjBjbGFzcyUzRCUyMmZvcm0tbGFiZWwlMjIlM0VGaXJtYSUyMEFkJUM0JUIxJTNDJTJGbGFiZWwlM0UlMEElMjAlMjAlMjAlMjAlMjAlMjAlM0NpbnB1dCUyMHR5cGUlM0QlMjJ0ZXh0JTIyJTIwbmFtZSUzRCUyMmZpcm1hX2FkaSUyMiUyMGNsYXNzJTNEJTIyZm9ybS1jb250cm9sJTIyJTIwcmVxdWlyZWQlM0UlMEElMjAlMjAlMjAlMjAlM0MlMkZkaXYlM0UlMEElMEElMjAlMjAlMjAlMjAlM0NkaXYlMjBjbGFzcyUzRCUyMmNvbC1tZC0xMiUyMiUzRSUwQSUyMCUyMCUyMCUyMCUyMCUyMCUzQ2xhYmVsJTIwY2xhc3MlM0QlMjJmb3JtLWxhYmVsJTIyJTNFSGl6bWV0JTIwU2UlQzMlQTdpbWklM0MlMkZsYWJlbCUzRSUwQSUyMCUyMCUyMCUyMCUyMCUyMCUzQ3NlbGVjdCUyMG5hbWUlM0QlMjJoaXptZXRfc2VjaW1pJTIyJTIwY2xhc3MlM0QlMjJmb3JtLXNlbGVjdCUyMiUyMHJlcXVpcmVkJTNFJTBBJTIwJTIwJTIwJTIwJTIwJTIwJTIwJTIwJTNDb3B0aW9uJTIwdmFsdWUlM0QlMjJNZWthbmlrJTIwVGFzYXIlQzQlQjFtJTJDJTIwJUM0JUIwbWFsYXQlMjB2ZSUyME1vbnRhaiUyMiUzRU1la2FuaWslMjBUYXNhciVDNCVCMW0lMkMlMjAlQzQlQjBtYWxhdCUyMHZlJTIwTW9udGFqJTNDJTJGb3B0aW9uJTNFJTBBJTIwJTIwJTIwJTIwJTIwJTIwJTIwJTIwJTNDb3B0aW9uJTIwdmFsdWUlM0QlMjJFbGVrdHJpayUyMHZlJTIwT3RvbWFzeW9uJTIyJTNFRWxla3RyaWslMjB2ZSUyME90b21hc3lvbiUzQyUyRm9wdGlvbiUzRSUwQSUyMCUyMCUyMCUyMCUyMCUyMCUyMCUyMCUzQ29wdGlvbiUyMHZhbHVlJTNEJTIyVGVzdCUyMHZlJTIwRGV2cmV5ZSUyMEFsbWElMjIlM0VUZXN0JTIwdmUlMjBEZXZyZXllJTIwQWxtYSUzQyUyRm9wdGlvbiUzRSUwQSUyMCUyMCUyMCUyMCUyMCUyMCUyMCUyMCUzQ29wdGlvbiUyMHZhbHVlJTNEJTIyRGFuJUM0JUIxJUM1JTlGbWFubCVDNCVCMWslMjBIaXptZXRpJTIyJTNFRGFuJUM0JUIxJUM1JTlGbWFubCVDNCVCMWslMjBIaXptZXRpJTNDJTJGb3B0aW9uJTNFJTBBJTIwJTIwJTIwJTIwJTIwJTIwJTNDJTJGc2VsZWN0JTNFJTBBJTIwJTIwJTIwJTIwJTIwJTIwJTNDcCUzRUFsbWFrJTIwaXN0ZWRpJUM0JTlGaW5peiUyMGhpem1ldCUyMGxpc3RlZGUlMjB5b2tzYSUyMGlsZ2lsaSUyMGhpem1ldGklMjBub3QlMjBrJUM0JUIxc20lQzQlQjFuZGElMjBiZWxpcnRlYmlsaXJzaW5peiUzQyUyRnAlM0UlMEElMjAlMjAlMjAlMjAlM0MlMkZkaXYlM0UlMEElMEElMjAlMjAlMjAlMjAlM0NkaXYlMjBjbGFzcyUzRCUyMmNvbC1tZC02JTIyJTNFJTBBJTIwJTIwJTIwJTIwJTIwJTIwJTNDbGFiZWwlMjBjbGFzcyUzRCUyMmZvcm0tbGFiZWwlMjIlM0VUZWxlZm9uJTIwTnVtYXJhcyVDNCVCMSUzQyUyRmxhYmVsJTNFJTBBJTIwJTIwJTIwJTIwJTIwJTIwJTNDaW5wdXQlMjBuYW1lJTNEJTIydGVsX251bSUyMiUyMHR5cGUlM0QlMjJ0ZXh0JTIyJTIwY2xhc3MlM0QlMjJmb3JtLWNvbnRyb2wlMjIlMjByZXF1aXJlZCUzRSUwQSUyMCUyMCUyMCUyMCUzQyUyRmRpdiUzRSUwQSUwQSUyMCUyMCUyMCUyMCUzQ2RpdiUyMGNsYXNzJTNEJTIyY29sLW1kLTYlMjIlM0UlMEElMjAlMjAlMjAlMjAlMjAlMjAlM0NsYWJlbCUyMGNsYXNzJTNEJTIyZm9ybS1sYWJlbCUyMiUzRUUtcG9zdGElMjBBZHJlc2klM0MlMkZsYWJlbCUzRSUwQSUyMCUyMCUyMCUyMCUyMCUyMCUzQ2lucHV0JTIwbmFtZSUzRCUyMmVtYWlsJTIyJTIwdHlwZSUzRCUyMmVtYWlsJTIyJTIwY2xhc3MlM0QlMjJmb3JtLWNvbnRyb2wlMjIlM0UlMEElMjAlMjAlMjAlMjAlM0MlMkZkaXYlM0UlMEElMEElMjAlMjAlMjAlMjAlM0NkaXYlMjBjbGFzcyUzRCUyMmNvbC1tZC0xMiUyMiUzRSUwQSUyMCUyMCUyMCUyMCUyMCUyMCUzQ2xhYmVsJTIwY2xhc3MlM0QlMjJmb3JtLWxhYmVsJTIyJTNFTm90JTNDJTJGbGFiZWwlM0UlMEElMjAlMjAlMjAlMjAlMjAlMjAlM0N0ZXh0YXJlYSUyMG5hbWUlM0QlMjJtZXNhaiUyMiUyMGNsYXNzJTNEJTIyZm9ybS1jb250cm9sJTIyJTIwcmVxdWlyZWQlM0UlM0MlMkZ0ZXh0YXJlYSUzRSUwQSUyMCUyMCUyMCUyMCUzQyUyRmRpdiUzRSUwQSUwQSUyMCUyMCUyMCUyMCUzQ2lucHV0JTIwdHlwZSUzRCUyMmhpZGRlbiUyMiUyMGlkJTNEJTIycmVjYXB0Y2hhVG9rZW4lMjIlMjBuYW1lJTNEJTIycmVjYXB0Y2hhX3Rva2VuJTIyJTNFJTBBJTBBJTIwJTIwJTIwJTIwJTNDYnIlM0UlMEElMEElMjAlMjAlMjAlMjAlM0NkaXYlMjBjbGFzcyUzRCUyMmNvbC0xMiUyMiUzRSUwQSUyMCUyMCUyMCUyMCUyMCUyMCUzQ2J1dHRvbiUyMHR5cGUlM0QlMjJzdWJtaXQlMjIlMjBpZCUzRCUyMmdvbmRlckJ1dHRvbiUyMiUyMGNsYXNzJTNEJTIyYnRuJTIwYnRuLXByaW1hcnklMjIlM0VUYWxlYmklMjBHJUMzJUI2bmRlciUzQyUyRmJ1dHRvbiUzRSUwQSUyMCUyMCUyMCUyMCUzQyUyRmRpdiUzRSUwQSUwQSUyMCUyMCUyMCUyMCUzQ2RpdiUyMGlkJTNEJTIyZm9ybVNvbnVjJTIyJTIwY2xhc3MlM0QlMjJtdC0zJTIyJTNFJTNDJTJGZGl2JTNFJTBBJTIwJTIwJTNDJTJGZm9ybSUzRSUwQSUzQyUyRmRpdiUzRQ==[\/vc_raw_html][vc_raw_js]JTNDc2NyaXB0JTNFJTBBJTIwJTIwalF1ZXJ5JTI4ZG9jdW1lbnQlMjkucmVhZHklMjhmdW5jdGlvbiUyOCUyNCUyOSUyMCU3QiUwQSUyMCUyMCUyMCUyMCUyNCUyOCUyMiUyM3Rla2xpZkZvcm11JTIyJTI5Lm9uJTI4JTIyc3VibWl0JTIyJTJDJTIwZnVuY3Rpb24lMjhlJTI5JTIwJTdCJTBBJTIwJTIwJTIwJTIwJTIwJTIwZS5wcmV2ZW50RGVmYXVsdCUyOCUyOSUzQiUwQSUwQSUyMCUyMCUyMCUyMCUyMCUyMGdyZWNhcHRjaGEucmVhZHklMjhmdW5jdGlvbiUyOCUyOSUyMCU3QiUwQSUyMCUyMCUyMCUyMCUyMCUyMCUyMCUyMGdyZWNhcHRjaGEuZXhlY3V0ZSUyOCUyNzZMZmVGMTRyQUFBQUFDaFZOZDhwdHVtWW5CNUhqY1RJZ3doM2tQTkslMjclMkMlMjAlN0JhY3Rpb24lM0ElMjAlMjdpbGV0aXNpbV9mb3JtdSUyNyU3RCUyOS50aGVuJTI4ZnVuY3Rpb24lMjh0b2tlbiUyOSUyMCU3QiUwQSUyMCUyMCUyMCUyMCUyMCUyMCUyMCUyMCUyMCUyMCUyNCUyOCUyNyUyM3JlY2FwdGNoYVRva2VuJTI3JTI5LnZhbCUyOHRva2VuJTI5JTNCJTBBJTBBJTIwJTIwJTIwJTIwJTIwJTIwJTIwJTIwJTIwJTIwdmFyJTIwZm9ybURhdGElMjAlM0QlMjAlMjQlMjglMjIlMjN0ZWtsaWZGb3JtdSUyMiUyOS5zZXJpYWxpemUlMjglMjklM0IlMEElMjAlMjAlMjAlMjAlMjAlMjAlMjAlMjAlMjAlMjAlMjQlMjglMjIlMjNnb25kZXJCdXR0b24lMjIlMjkucHJvcCUyOCUyMmRpc2FibGVkJTIyJTJDJTIwdHJ1ZSUyOS50ZXh0JTI4JTIyRyVDMyVCNm5kZXJpbGl5b3IuLi4lMjIlMjklM0IlMEElMEElMjAlMjAlMjAlMjAlMjAlMjAlMjAlMjAlMjAlMjAlMjQuYWpheCUyOCU3QiUwQSUyMCUyMCUyMCUyMCUyMCUyMCUyMCUyMCUyMCUyMCUyMCUyMHVybCUzQSUyMCUyMmh0dHBzJTNBJTJGJTJGYXJ0aXByb3Nlcy5jb20lMkZheWhhbi1lbGstc210cCUyRnRla2xpZi1oYW5kbGVyLnBocCUyMiUyQyUwQSUyMCUyMCUyMCUyMCUyMCUyMCUyMCUyMCUyMCUyMCUyMCUyMHR5cGUlM0ElMjAlMjJQT1NUJTIyJTJDJTBBJTIwJTIwJTIwJTIwJTIwJTIwJTIwJTIwJTIwJTIwJTIwJTIwZGF0YSUzQSUyMGZvcm1EYXRhJTJDJTBBJTIwJTIwJTIwJTIwJTIwJTIwJTIwJTIwJTIwJTIwJTIwJTIwc3VjY2VzcyUzQSUyMGZ1bmN0aW9uJTI4cmVzcG9uc2UlMjklMjAlN0IlMEElMjAlMjAlMjAlMjAlMjAlMjAlMjAlMjAlMjAlMjAlMjAlMjAlMjAlMjAlMjQlMjglMjIlMjNmb3JtU29udWMlMjIlMjkuaHRtbCUyOHJlc3BvbnNlJTI5JTNCJTBBJTIwJTIwJTIwJTIwJTIwJTIwJTIwJTIwJTIwJTIwJTIwJTIwJTIwJTIwJTI0JTI4JTIyJTIzZ29uZGVyQnV0dG9uJTIyJTI5LnByb3AlMjglMjJkaXNhYmxlZCUyMiUyQyUyMGZhbHNlJTI5LnRleHQlMjglMjJNZXNhaiVDNCVCMSUyMEclQzMlQjZuZGVyJTIyJTI5JTNCJTBBJTIwJTIwJTIwJTIwJTIwJTIwJTIwJTIwJTIwJTIwJTIwJTIwJTIwJTIwJTI0JTI4JTIyJTIzdGVrbGlmRm9ybXUlMjIlMjklNUIwJTVELnJlc2V0JTI4JTI5JTNCJTBBJTIwJTIwJTIwJTIwJTIwJTIwJTIwJTIwJTIwJTIwJTIwJTIwJTdEJTJDJTBBJTIwJTIwJTIwJTIwJTIwJTIwJTIwJTIwJTIwJTIwJTIwJTIwZXJyb3IlM0ElMjBmdW5jdGlvbiUyOHhociUyQyUyMHN0YXR1cyUyQyUyMGVycm9yJTI5JTIwJTdCJTBBJTIwJTIwJTIwJTIwJTIwJTIwJTIwJTIwJTIwJTIwJTIwJTIwJTIwJTIwJTI0JTI4JTIyJTIzZm9ybVNvbnVjJTIyJTI5Lmh0bWwlMjglMjclM0NkaXYlMjBjbGFzcyUzRCUyMmFsZXJ0JTIwYWxlcnQtZGFuZ2VyJTIyJTNFQmlyJTIwaGF0YSUyMG9sdSVDNSU5RnR1LiUyMEwlQzMlQkN0ZmVuJTIwdGVrcmFyJTIwZGVuZXlpbi4lM0MlMkZkaXYlM0UlMjclMjklM0IlMEElMjAlMjAlMjAlMjAlMjAlMjAlMjAlMjAlMjAlMjAlMjAlMjAlMjAlMjAlMjQlMjglMjIlMjNnb25kZXJCdXR0b24lMjIlMjkucHJvcCUyOCUyMmRpc2FibGVkJTIyJTJDJTIwZmFsc2UlMjkudGV4dCUyOCUyMk1lc2FqJUM0JUIxJTIwRyVDMyVCNm5kZXIlMjIlMjklM0IlMEElMjAlMjAlMjAlMjAlMjAlMjAlMjAlMjAlMjAlMjAlMjAlMjAlN0QlMEElMjAlMjAlMjAlMjAlMjAlMjAlMjAlMjAlMjAlMjAlN0QlMjklM0IlMEElMjAlMjAlMjAlMjAlMjAlMjAlMjAlMjAlN0QlMjklM0IlMEElMjAlMjAlMjAlMjAlMjAlMjAlN0QlMjklM0IlMEElMjAlMjAlMjAlMjAlN0QlMjklM0IlMEElMjAlMjAlN0QlMjklM0IlMEElM0MlMkZzY3JpcHQlM0U=[\/vc_raw_js][\/vc_column][\/vc_row]<\/p>\n","protected":false},"author":7,"featured_media":0,"parent":0,"menu_order":0,"comment_status":"closed","ping_status":"closed","template":"template-default-without-breadcrumbs.php","meta":{"footnotes":"","_vp_format_video_url":"","_vp_image_focal_point":[]},"_links":{"self":[{"href":"https:\/\/ayhanelektromekanik.com\/index.php\/wp-json\/wp\/v2\/pages\/880"}],"collection":[{"href":"https:\/\/ayhanelektromekanik.com\/index.php\/wp-json\/wp\/v2\/pages"}],"about":[{"href":"https:\/\/ayhanelektromekanik.com\/index.php\/wp-json\/wp\/v2\/types\/page"}],"author":[{"embeddable":true,"href":"https:\/\/ayhanelektromekanik.com\/index.php\/wp-json\/wp\/v2\/users\/7"}],"replies":[{"embeddable":true,"href":"https:\/\/ayhanelektromekanik.com\/index.php\/wp-json\/wp\/v2\/comments?post=880"}],"version-history":[{"count":31,"href":"https:\/\/ayhanelektromekanik.com\/index.php\/wp-json\/wp\/v2\/pages\/880\/revisions"}],"predecessor-version":[{"id":1790,"href":"https:\/\/ayhanelektromekanik.com\/index.php\/wp-json\/wp\/v2\/pages\/880\/revisions\/1790"}],"wp:attachment":[{"href":"https:\/\/ayhanelektromekanik.com\/index.php\/wp-json\/wp\/v2\/media?parent=880"}],"curies":[{"name":"wp","href":"https:\/\/api.w.org\/{rel}","templated":true}]}}