{"id":525,"date":"2015-05-08T13:22:48","date_gmt":"2015-05-08T13:22:48","guid":{"rendered":"http:\/\/quanticalabs.com\/wptest\/carservice\/?page_id=4"},"modified":"2024-01-04T14:52:17","modified_gmt":"2024-01-04T11:52:17","slug":"home","status":"publish","type":"page","link":"https:\/\/ayhanelektromekanik.com\/","title":{"rendered":"Anasayfa"},"content":{"rendered":"<p>[vc_row type=&#8221;full-width&#8221;][vc_column][rev_slider_vc alias=&#8221;car-dealership&#8221;][\/vc_column][\/vc_row][vc_row top_margin=&#8221;page-margin-top-section&#8221;][vc_column]<h2 class=\" box-header\">H\u0130ZMETLER\u0130M\u0130Z<\/h2>[vc_column_text el_class=&#8221;description align-center&#8221;]Geni\u015f bir hizmet yelpazesini tek \u00e7at\u0131 alt\u0131nda toplad\u0131k. Profesyonel ekibimizle ilgili robotik otomasyon s\u00fcrecine uygun \u00e7\u00f6z\u00fcmlerimizle i\u015fletmenizin yan\u0131nday\u0131z.[\/vc_column_text]<ul class=\"services-list clearfix page-margin-top\"><div class=\"vc_row wpb_row vc_row-fluid\"><li><a href=\"https:\/\/ayhanelektromekanik.com\/index.php\/services\/mekanik-tasarim-imalat-ve-montaj\/\" title=\"Mekanik Tasar\u0131m, \u0130malat ve Montaj\"><img loading=\"lazy\" decoding=\"async\" width=\"390\" height=\"260\" src=\"https:\/\/ayhanelektromekanik.com\/wp-content\/uploads\/2015\/05\/Mekanik-Tasarim-Imalat-ve-Montaj-1-390x260.jpg\" class=\"attachment-medium-thumb size-medium-thumb wp-post-image\" alt=\"Mekanik Tasar\u0131m, \u0130malat ve Montaj\" title=\"\" srcset=\"https:\/\/ayhanelektromekanik.com\/wp-content\/uploads\/2015\/05\/Mekanik-Tasarim-Imalat-ve-Montaj-1-390x260.jpg 390w, https:\/\/ayhanelektromekanik.com\/wp-content\/uploads\/2015\/05\/Mekanik-Tasarim-Imalat-ve-Montaj-1-300x200.jpg 300w, https:\/\/ayhanelektromekanik.com\/wp-content\/uploads\/2015\/05\/Mekanik-Tasarim-Imalat-ve-Montaj-1-270x180.jpg 270w, https:\/\/ayhanelektromekanik.com\/wp-content\/uploads\/2015\/05\/Mekanik-Tasarim-Imalat-ve-Montaj-1.jpg 480w\" sizes=\"(max-width: 390px) 100vw, 390px\" \/><\/a><h4 class=\"box-header\"><a href=\"https:\/\/ayhanelektromekanik.com\/index.php\/services\/mekanik-tasarim-imalat-ve-montaj\/\" title=\"Mekanik Tasar\u0131m, \u0130malat ve Montaj\">Mekanik Tasar\u0131m, \u0130malat ve Montaj<\/a><\/h4><\/li><li><a href=\"https:\/\/ayhanelektromekanik.com\/index.php\/services\/elektrik-ve-otomasyon\/\" title=\"Elektrik ve Otomasyon\"><img loading=\"lazy\" decoding=\"async\" width=\"390\" height=\"260\" src=\"https:\/\/ayhanelektromekanik.com\/wp-content\/uploads\/2015\/05\/Elektrik-ve-Otomasyon-390x260.jpg\" class=\"attachment-medium-thumb size-medium-thumb wp-post-image\" alt=\"Elektrik ve Otomasyon\" title=\"\" srcset=\"https:\/\/ayhanelektromekanik.com\/wp-content\/uploads\/2015\/05\/Elektrik-ve-Otomasyon-390x260.jpg 390w, https:\/\/ayhanelektromekanik.com\/wp-content\/uploads\/2015\/05\/Elektrik-ve-Otomasyon-300x200.jpg 300w, https:\/\/ayhanelektromekanik.com\/wp-content\/uploads\/2015\/05\/Elektrik-ve-Otomasyon-270x180.jpg 270w, https:\/\/ayhanelektromekanik.com\/wp-content\/uploads\/2015\/05\/Elektrik-ve-Otomasyon.jpg 480w\" sizes=\"(max-width: 390px) 100vw, 390px\" \/><\/a><h4 class=\"box-header\"><a href=\"https:\/\/ayhanelektromekanik.com\/index.php\/services\/elektrik-ve-otomasyon\/\" title=\"Elektrik ve Otomasyon\">Elektrik ve Otomasyon<\/a><\/h4><\/li><li><a href=\"https:\/\/ayhanelektromekanik.com\/index.php\/services\/test-ve-devreye-alma\/\" title=\"Test ve Devreye Alma\"><img loading=\"lazy\" decoding=\"async\" width=\"390\" height=\"260\" src=\"https:\/\/ayhanelektromekanik.com\/wp-content\/uploads\/2015\/05\/TEST-VE-DEVREYE-ALMA-390x260.jpg\" class=\"attachment-medium-thumb size-medium-thumb wp-post-image\" alt=\"Test ve Devreye Alma\" title=\"\" srcset=\"https:\/\/ayhanelektromekanik.com\/wp-content\/uploads\/2015\/05\/TEST-VE-DEVREYE-ALMA-390x260.jpg 390w, https:\/\/ayhanelektromekanik.com\/wp-content\/uploads\/2015\/05\/TEST-VE-DEVREYE-ALMA-300x200.jpg 300w, https:\/\/ayhanelektromekanik.com\/wp-content\/uploads\/2015\/05\/TEST-VE-DEVREYE-ALMA-270x180.jpg 270w, https:\/\/ayhanelektromekanik.com\/wp-content\/uploads\/2015\/05\/TEST-VE-DEVREYE-ALMA.jpg 480w\" sizes=\"(max-width: 390px) 100vw, 390px\" \/><\/a><h4 class=\"box-header\"><a href=\"https:\/\/ayhanelektromekanik.com\/index.php\/services\/test-ve-devreye-alma\/\" title=\"Test ve Devreye Alma\">Test ve Devreye Alma<\/a><\/h4><\/li><\/div><\/ul>[\/vc_column][\/vc_row][vc_row type=&#8221;full-width&#8221; css=&#8221;.vc_custom_1439892689981{background-color: #f5f5f5 !important;}&#8221;][vc_column]<div class=\"announcement clearfix\">\r\n\t\t\t\t\t<div class=\"vc_row wpb_row vc_row-fluid\">\r\n\t\t\t\t\t\t<div class=\"vc_col-sm-8 wpb_column vc_column_container\">\r\n\t\t\t\t\t\t\t<div class=\"vertical-align\">\r\n\t\t\t\t\t\t\t\t<div class=\"vertical-align-cell\">\r\n\t\t\t\t\t\t\t\t\t<h3>TEKL\u0130F FORMUNU DOLDURARAK ALMAK \u0130STED\u0130\u011e\u0130N\u0130Z H\u0130ZMET\u0130 \u0130LETEB\u0130L\u0130RS\u0130N\u0130Z<\/h3>\r\n\t\t\t\t\t\t\t\t<\/div>\r\n\t\t\t\t\t\t\t<\/div>\r\n\t\t\t\t\t\t<\/div><div class=\"vc_col-sm-4 wpb_column vc_column_container\">\r\n\t\t\t\t\t\t<div class=\"vertical-align\">\r\n\t\t\t\t\t\t\t<div class=\"vertical-align-cell\">\r\n\t\t\t\t\t\t\t\t<a title=\"TEKL\u0130F FORMU\" href=\"https:\/\/ayhanelektromekanik.com\/index.php\/teklif-formu\/\" class=\"more\"><span>TEKL\u0130F FORMU<\/span><\/a>\r\n\t\t\t\t\t\t\t<\/div>\r\n\t\t\t\t\t\t<\/div>\r\n\t\t\t\t\t<\/div><\/div>\r\n\t\t\t<\/div>[\/vc_column][\/vc_row][vc_row top_margin=&#8221;page-margin-top-section&#8221;][vc_column]<h2 class=\" box-header\">NEDEN B\u0130Z<\/h2>[vc_column_text el_class=&#8221;description align-center&#8221;]G\u00fcncel teknolojileri takip eden ve ilgili alana y\u00f6nelik spesifik elektromekanik \u00e7\u00f6z\u00fcmleri geli\u015ftiren dinamik yap\u0131m\u0131zla i\u015fletmeniz i\u00e7in entegre \u00e7\u00f6z\u00fcmler \u00fcretiyoruz.[\/vc_column_text][vc_row_inner top_margin=&#8221;page-margin-top&#8221;][vc_column_inner width=&#8221;1\/3&#8243;]<div class=\"feature-item\"><h5>G\u00dcNCEL TEKNOLOJ\u0130LER<\/h5><div class=\"icon sl-small-share-time\"><\/div><p>Mekatronik d\u00fcnyas\u0131ndaki geli\u015fmeleri yak\u0131ndan takip eden ve g\u00fcncel teknoloji \u00fcr\u00fcnlerini kullanan yenilik\u00e7i bir yakla\u015f\u0131m<\/p><\/div>[\/vc_column_inner][vc_column_inner width=&#8221;1\/3&#8243;]<div class=\"feature-item\"><h5>KAL\u0130TEL\u0130 MALZEME<\/h5><div class=\"icon sl-small-wrench-screwdriver\"><\/div><p>Mekatronik d\u00fcnyas\u0131n\u0131n ileri gelen markalar\u0131n\u0131n imal etti\u011fi, otomasyon s\u00fcrecine uyumlu kaliteli proje ekipmanlar\u0131<\/p><\/div>[\/vc_column_inner][vc_column_inner width=&#8221;1\/3&#8243;]<div class=\"feature-item\"><h5>M\u00dc\u015eTER\u0130 ODAKLILIK<\/h5><div class=\"icon sl-small-user-chat\"><\/div><p>M\u00fc\u015fteri odakl\u0131 \u00e7al\u0131\u015fma stili sayesinde, talep edilen proje kapsam\u0131nda proaktif ve efektif \u00e7\u00f6z\u00fcmler<\/p><\/div>[\/vc_column_inner][\/vc_row_inner][\/vc_column][\/vc_row][vc_row type=&#8221;full-width&#8221; top_margin=&#8221;page-margin-top-section&#8221; el_class=&#8221;flex-box&#8221; css=&#8221;.vc_custom_1441196365110{background-color: #f5f5f5 !important;}&#8221;][vc_column width=&#8221;1\/2&#8243; css=&#8221;.vc_custom_1703759276998{background-image: url(https:\/\/ayhanelektromekanik.com\/wp-content\/uploads\/2023\/12\/InstrumentationControlTech3_0.jpg?id=1721) !important;}&#8221;][vc_single_image image=&#8221;1721&#8243; img_size=&#8221;large-thumb&#8221; el_class=&#8221;flex-hide&#8221;][\/vc_column][vc_column width=&#8221;1\/2&#8243; el_class=&#8221;padding-left-right-100 padding-bottom-66&#8243;]<h2 class=\" box-header page-margin-top-section\">UYGULAMA ALANLARIMIZ<\/h2>[vc_row_inner css=&#8221;.vc_custom_1439977887316{margin-top: 30px !important;}&#8221;][vc_column_inner width=&#8221;1\/3&#8243;]<ul class=\"list\"><li class=\"template-bullet \"><span>Mekanik Tasar\u0131m<\/span><\/li><li class=\"template-bullet \"><span>Mekanik Projelendirme<\/span><\/li><li class=\"template-bullet \"><span>Mekanik \u0130malat<\/span><\/li><li class=\"template-bullet \"><span>Mekanik Montaj\/Demontaj<\/span><\/li><\/ul>[\/vc_column_inner][vc_column_inner width=&#8221;1\/3&#8243;]<ul class=\"list\"><li class=\"template-bullet \"><span>Elektrik Projelendirme<\/span><\/li><li class=\"template-bullet \"><span>Elektrik M\u00fchendisli\u011fi<\/span><\/li><li class=\"template-bullet \"><span>Elektromekanik Taahh\u00fct<\/span><\/li><li class=\"template-bullet \"><span>Elektrik Bak\u0131m<\/span><\/li><\/ul>[\/vc_column_inner][vc_column_inner width=&#8221;1\/3&#8243;]<ul class=\"list\"><li class=\"template-bullet \"><span>Elektromekanik Test<\/span><\/li><li class=\"template-bullet \"><span>Devreye Alma<\/span><\/li><li class=\"template-bullet \"><span>Elektromekanik \u00d6l\u00e7\u00fcmler<\/span><\/li><li class=\"template-bullet \"><span>Dan\u0131\u015fmanl\u0131k<\/span><\/li><\/ul>[\/vc_column_inner][\/vc_row_inner][\/vc_column][\/vc_row][vc_row type=&#8221;full-width&#8221; el_class=&#8221;align-center margin-top-40 padding-bottom-87&#8243;][vc_column]<a class=\"more\" href=\"https:\/\/ayhanelektromekanik.com\/index.php\/hizmetler\/\" title=\"T\u00dcM H\u0130ZMETLER\"><span>T\u00dcM H\u0130ZMETLER<\/span><\/a>[\/vc_column][\/vc_row][vc_row top_margin=&#8221;page-margin-top-section&#8221;][vc_column]<h2 class=\" box-header\">SON HABERLER<\/h2>[vc_row_inner top_margin=&#8221;page-margin-top-section&#8221;][vc_column_inner][vc_column_text]<style id=\"sp_pcp_dynamic_style1436\">#pcp_wrapper-1436 .sp-pcp-row{ margin-right: -10px;margin-left: -10px;}#pcp_wrapper-1436 .sp-pcp-row [class*='sp-pcp-col-']{padding-right: 10px;padding-left: 10px;padding-bottom: 20px;}.pcp-wrapper-1436 .sp-pcp-title a {color: #111;display: inherit;} .pcp-wrapper-1436 .sp-pcp-title a:hover {color: #e1624b;}#pcp_wrapper-1436 .dots .swiper-pagination-bullet{ background: #cccccc; } #pcp_wrapper-1436 .dots .swiper-pagination-bullet-active { background: #D64224; }#pcp_wrapper-1436 .pcp-button-prev,#pcp_wrapper-1436 .pcp-button-next{ background-image: none; background-size: auto; background-color: #fff; height: 33px; width: 33px; margin-top: 8px; border: 1px solid #aaa; text-align: center; line-height: 30px; -webkit-transition: 0.3s; }#pcp_wrapper-1436 .pcp-button-prev:hover, #pcp_wrapper-1436 .pcp-button-next:hover{ background-color: #D64224; border-color: #D64224; } #pcp_wrapper-1436 .pcp-button-prev .fa, #pcp_wrapper-1436 .pcp-button-next .fa { color: #aaa; } #pcp_wrapper-1436 .pcp-button-prev:hover .fa, #pcp_wrapper-1436 .pcp-button-next:hover .fa { color: #fff; } #pcp_wrapper-1436.pcp-carousel-wrapper .sp-pcp-post{ margin-top: 0; }#pcp_wrapper-1436 .sp-pcp-post {padding: 0 0 0 0;}#pcp_wrapper-1436 .sp-pcp-post {border: 0px solid #e2e2e2;}#pcp_wrapper-1436 .sp-pcp-post {border-radius: 0px;}#pcp_wrapper-1436 .sp-pcp-post{background-color: transparent;}.pcp-wrapper-1436 .sp-pcp-post-meta li,.pcp-wrapper-1436 .sp-pcp-post-meta ul,.pcp-wrapper-1436 .sp-pcp-post-meta li a{color: #888;}.pcp-wrapper-1436 .sp-pcp-post-meta li a:hover{color: #e1624b;}#pcp_wrapper-1436 .pcp-readmore-link{ background: transparent; color: #111; border-color: #888; } #pcp_wrapper-1436 .pcp-readmore-link:hover { background: #e1624b; color: #fff; border-color: #e1624b; }#pcp_wrapper-1436 .pcp-post-pagination .page-numbers.current, #pcp_wrapper-1436 .pcp-post-pagination a.active , #pcp_wrapper-1436 .pcp-post-pagination a:hover{ color: #ffffff; background: #e1624b; border-color: #e1624b; }#pcp_wrapper-1436 .pcp-post-pagination .page-numbers, .pcp-post-pagination a{ background: #ffffff; color:#5e5e5e; border-color: #bbbbbb; }<\/style><!-- Markup Starts -->\n<div id=\"pcp_wrapper-1436\" class=\"sp-pcp-section sp-pcp-container pcp-wrapper-1436 pcp-carousel-wrapper standard\" data-sid=\"1436\">\n\t<div id=\"sp-pcp-id-1436\" class=\"swiper-container sp-pcp-carousel top_right\" dir=\"ltr\" data-carousel='{ \"speed\":1100, \"items\":3, \"spaceBetween\":20, \"navigation\":true, \"pagination\": true, \"autoplay\": true, \"autoplay_speed\": 2000, \"loop\": true, \"autoHeight\": false, \"lazy\":  true, \"simulateTouch\": true, \"freeMode\": false, \"slider_mouse_wheel\": false,\"allowTouchMove\": true, \"slidesPerView\": {\"lg_desktop\": 3, \"desktop\": 3, \"tablet\": 2, \"mobile_landscape\": 2, \"mobile\": 1}, \"navigation_mobile\": true, \"pagination_mobile\": true, \"stop_onHover\": true, \"enabled\": true, \"prevSlideMessage\": \"Previous slide\", \"nextSlideMessage\": \"Next slide\", \"firstSlideMessage\": \"This is the first slide\", \"lastSlideMessage\": \"This is the last slide\", \"keyboard\": \"true\", \"paginationBulletMessage\": \"Go to slide {{index}}\" }'>\n\t\t\t<div class=\"swiper-wrapper\">\n\t\t\t\t\t\t<div class=\" swiper-slide swiper-lazy\">\n\t\t\t<div class=\"sp-pcp-post pcp-item-1705\" data-id=\"1705\">\n\t\t\t\t\t\t\t\t<div class=\"pcp-post-thumb-wrapper\">\n\t\t\t\t\t<div class=\"sp-pcp-post-thumb-area\">\n\t\t\t\t\t\t\t\t\t\t\t\t<a class=\"sp-pcp-thumb\" href=\"https:\/\/ayhanelektromekanik.com\/index.php\/2023\/12\/28\/endustri-4-0-nedir\/\" target=\"_self\" >\n\t\t\t\t\t\t\t\t\t\t\t\t\t<img loading=\"lazy\" decoding=\"async\" src=\"https:\/\/ayhanelektromekanik.com\/wp-content\/uploads\/2023\/12\/Endustri4.0.jpg\" width=\"600\" height=\"400\" alt=\"\">\n\t\t\t\t\t\t<\/a>\n\t\t\t\t\t<\/div>\n\t\t\t\t<\/div>\n\t\t\t\t\t\t\t<h2 class=\"sp-pcp-title\">\n\t\t\t\t\t\t\t\t\t<a href=\"https:\/\/ayhanelektromekanik.com\/index.php\/2023\/12\/28\/endustri-4-0-nedir\/\"  target=\"_self\">END\u00dcSTR\u0130 4.0 NED\u0130R?<\/a>\t\t\t\t\t\t\t<\/h2>\n\t\t\t\t\t\t<div class=\"sp-pcp-post-meta\">\n\t\t\t<ul><li>\t\t\t\t\t<i class=\"fa fa-user\"><\/i>\n\t\t\t\t\t<a href=\"https:\/\/ayhanelektromekanik.com\/index.php\/author\/ayhan_elektromekanik\/\"\n\t\t\t\t\t\trel=\"author\">Ayhan Elektromekanik<\/a>\n\t\t\t\t\t<\/li> <li>\t\t\t\t\t<i class=\"fa fa-calendar\"><\/i>\n\t\t\t\t\t<time class=\"entry-date published updated\">28 Aral\u0131k 2023<\/time>\n\t\t\t\t\t<\/li><\/ul>\t\t<\/div>\n\t\t\t\t\t<div class=\"sp-pcp-post-content\">\n\t\t\t\t\t<div class=\"sp-pcp-readmore\">\n\t\t\t\t\t\t\t<a class=\"pcp-readmore-link\" target=\"_self\" href=\"https:\/\/ayhanelektromekanik.com\/index.php\/2023\/12\/28\/endustri-4-0-nedir\/\" >\n\t\t\t\t\t\tDEVAMINI OKUYUN <\/a>\n\t\t<\/div>\n\t\t\t\t\t<\/div>\n\t\t\t\t\t\t<\/div>\n\t\t<\/div>\n\t\t\t\t<div class=\" swiper-slide swiper-lazy\">\n\t\t\t<div class=\"sp-pcp-post pcp-item-1624\" data-id=\"1624\">\n\t\t\t\t\t\t\t\t<div class=\"pcp-post-thumb-wrapper\">\n\t\t\t\t\t<div class=\"sp-pcp-post-thumb-area\">\n\t\t\t\t\t\t\t\t\t\t\t\t<a class=\"sp-pcp-thumb\" href=\"https:\/\/ayhanelektromekanik.com\/index.php\/2022\/07\/20\/fanuc-roboshot-ile-daha-az-enerji-tuketimi\/\" target=\"_self\" >\n\t\t\t\t\t\t\t\t\t\t\t\t\t<img loading=\"lazy\" decoding=\"async\" src=\"https:\/\/ayhanelektromekanik.com\/wp-content\/uploads\/2022\/07\/Fanuc_Roboshot_1-640x427-1.png\" width=\"640\" height=\"427\" alt=\"\">\n\t\t\t\t\t\t<\/a>\n\t\t\t\t\t<\/div>\n\t\t\t\t<\/div>\n\t\t\t\t\t\t\t<h2 class=\"sp-pcp-title\">\n\t\t\t\t\t\t\t\t\t<a href=\"https:\/\/ayhanelektromekanik.com\/index.php\/2022\/07\/20\/fanuc-roboshot-ile-daha-az-enerji-tuketimi\/\"  target=\"_self\">FANUC Roboshot ile daha az enerji t\u00fcketimi<\/a>\t\t\t\t\t\t\t<\/h2>\n\t\t\t\t\t\t<div class=\"sp-pcp-post-meta\">\n\t\t\t<ul><li>\t\t\t\t\t<i class=\"fa fa-user\"><\/i>\n\t\t\t\t\t<a href=\"https:\/\/ayhanelektromekanik.com\/index.php\/author\/ayhan_elektromekanik\/\"\n\t\t\t\t\t\trel=\"author\">Ayhan Elektromekanik<\/a>\n\t\t\t\t\t<\/li> <li>\t\t\t\t\t<i class=\"fa fa-calendar\"><\/i>\n\t\t\t\t\t<time class=\"entry-date published updated\">20 Temmuz 2022<\/time>\n\t\t\t\t\t<\/li><\/ul>\t\t<\/div>\n\t\t\t\t\t<div class=\"sp-pcp-post-content\">\n\t\t\t\t\t<div class=\"sp-pcp-readmore\">\n\t\t\t\t\t\t\t<a class=\"pcp-readmore-link\" target=\"_self\" href=\"https:\/\/ayhanelektromekanik.com\/index.php\/2022\/07\/20\/fanuc-roboshot-ile-daha-az-enerji-tuketimi\/\" >\n\t\t\t\t\t\tDEVAMINI OKUYUN <\/a>\n\t\t<\/div>\n\t\t\t\t\t<\/div>\n\t\t\t\t\t\t<\/div>\n\t\t<\/div>\n\t\t\t\t<div class=\" swiper-slide swiper-lazy\">\n\t\t\t<div class=\"sp-pcp-post pcp-item-1588\" data-id=\"1588\">\n\t\t\t\t\t\t\t\t<div class=\"pcp-post-thumb-wrapper\">\n\t\t\t\t\t<div class=\"sp-pcp-post-thumb-area\">\n\t\t\t\t\t\t\t\t\t\t\t\t<a class=\"sp-pcp-thumb\" href=\"https:\/\/ayhanelektromekanik.com\/index.php\/2022\/07\/19\/schaeffler-merkez-laboratuvarinin-temellerini-atti\/\" target=\"_self\" >\n\t\t\t\t\t\t\t\t\t\t\t\t\t<img loading=\"lazy\" decoding=\"async\" src=\"https:\/\/ayhanelektromekanik.com\/wp-content\/uploads\/2022\/07\/Schaeffler_Merkez-Laboratuvari-temel-atma-gorseli-640x427-1.jpg\" width=\"640\" height=\"427\" alt=\"\">\n\t\t\t\t\t\t<\/a>\n\t\t\t\t\t<\/div>\n\t\t\t\t<\/div>\n\t\t\t\t\t\t\t<h2 class=\"sp-pcp-title\">\n\t\t\t\t\t\t\t\t\t<a href=\"https:\/\/ayhanelektromekanik.com\/index.php\/2022\/07\/19\/schaeffler-merkez-laboratuvarinin-temellerini-atti\/\"  target=\"_self\">Schaeffler merkez laboratuvar\u0131n\u0131n temellerini att\u0131<\/a>\t\t\t\t\t\t\t<\/h2>\n\t\t\t\t\t\t<div class=\"sp-pcp-post-meta\">\n\t\t\t<ul><li>\t\t\t\t\t<i class=\"fa fa-user\"><\/i>\n\t\t\t\t\t<a href=\"https:\/\/ayhanelektromekanik.com\/index.php\/author\/ayhan_elektromekanik\/\"\n\t\t\t\t\t\trel=\"author\">Ayhan Elektromekanik<\/a>\n\t\t\t\t\t<\/li> <li>\t\t\t\t\t<i class=\"fa fa-calendar\"><\/i>\n\t\t\t\t\t<time class=\"entry-date published updated\">19 Temmuz 2022<\/time>\n\t\t\t\t\t<\/li><\/ul>\t\t<\/div>\n\t\t\t\t\t<div class=\"sp-pcp-post-content\">\n\t\t\t\t\t<div class=\"sp-pcp-readmore\">\n\t\t\t\t\t\t\t<a class=\"pcp-readmore-link\" target=\"_self\" href=\"https:\/\/ayhanelektromekanik.com\/index.php\/2022\/07\/19\/schaeffler-merkez-laboratuvarinin-temellerini-atti\/\" >\n\t\t\t\t\t\tDEVAMINI OKUYUN <\/a>\n\t\t<\/div>\n\t\t\t\t\t<\/div>\n\t\t\t\t\t\t<\/div>\n\t\t<\/div>\n\t\t\t\t\t<\/div>\n\t\t\t\t\t\t<div class=\"pcp-pagination swiper-pagination dots\"><\/div>\n\t\t\t\t\t\t\t\t\t\t<div class=\"pcp-button-next swiper-button-next top_right\"><i class=\"fa fa-angle-right\"><\/i><\/div>\n\t\t\t\t<div class=\"pcp-button-prev swiper-button-prev top_right\"><i class=\"fa fa-angle-left\"><\/i><\/div>\t<\/div>\n<\/div>\n[\/vc_column_text][\/vc_column_inner][\/vc_row_inner][\/vc_column][\/vc_row][vc_row top_margin=&#8221;page-margin-top&#8221;][vc_column width=&#8221;1\/2&#8243;]<h3 class=\" box-header\">M\u0130SYON VE V\u0130ZYONUMUZ<\/h3>[vc_column_text el_class=&#8221;description&#8221;]Ayhan Elektromekanik \u00e7o\u011funlu\u011fu otomotiv sekt\u00f6r\u00fcnde ve yabanc\u0131 \u015firketlerden olu\u015fan imalat \u015firketlerinin T\u00fcrkiye\u2019deki makine kurulumlar\u0131nda ana y\u00fcklenicili\u011fi \u00fcstlenip yap\u0131lan projenin teslim tarihine ve standartlara uygun bitirilmesini kendine g\u00f6rev edinmi\u015ftir.[\/vc_column_text][vc_empty_space height=&#8221;16px&#8221;][vc_column_text]D\u00fcr\u00fcstl\u00fckten \u00f6d\u00fcn vermeden yolumuza devam ederek teknoloji ile paralel olarak geli\u015fmeye devam etmek, a\u00e7\u0131k ve ba\u015far\u0131l\u0131 ileti\u015fimi kullanmak, \u00e7al\u0131\u015fan ve m\u00fc\u015fteri mutlulu\u011funun \u00f6neminin her zaman fark\u0131nda olarak de\u011ferlerimiz do\u011frultusunda \u00e7al\u0131\u015fmalar\u0131m\u0131z\u0131\u00a0s\u00fcrd\u00fcrmektir.[\/vc_column_text][vc_row_inner top_margin=&#8221;page-margin-top&#8221;][vc_column_inner]<a class=\"more\" href=\"https:\/\/ayhanelektromekanik.com\/index.php\/kurumsal\/\" target=\"_blank\" title=\"DEVAMINI OKUYUN\"><span>DEVAMINI OKUYUN<\/span><\/a>[\/vc_column_inner][\/vc_row_inner][\/vc_column][vc_column width=&#8221;1\/2&#8243;]<h3 class=\" box-header\">SIK SORULAN SORULAR<\/h3>[vc_accordion el_class=&#8221;margin-top-40&#8243;][vc_accordion_tab title=&#8221;End\u00fcstriyel Robot Nedir ve Ne \u0130\u015fe Yarar ?&#8221; tab_id=&#8221;track-routine&#8221;][vc_column_text]<strong>End\u00fcstriyel robot<\/strong>,\u00a0<a title=\"ISO 8373 (sayfa mevcut de\u011fil)\" href=\"https:\/\/tr.wikipedia.org\/w\/index.php?title=ISO_8373&amp;action=edit&amp;redlink=1\">ISO 8373<\/a><sup><a href=\"https:\/\/tr.wikipedia.org\/wiki\/End%C3%BCstriyel_robot#cite_note-1\">[1]<\/a><\/sup>\u00a0standard\u0131na g\u00f6re end\u00fcstriyel uygulamalarda kullan\u0131lan, \u00fc\u00e7 veya daha fazla programlanabilir ekseni olan, otomatik kontroll\u00fc, yeniden programlanabilir, \u00e7ok ama\u00e7l\u0131, uzayda sabitlenmi\u015f veya hareketli manip\u00fclat\u00f6rd\u00fcr.<\/p>\n<p>End\u00fcstriyel robotlar y\u00fcksek dayan\u0131kl\u0131l\u0131k, h\u0131z ve hassasiyet ile kaynak, boyama, montaj ve \u00fcr\u00fcn denetimi ile testlerde kullan\u0131lmaktad\u0131r.[\/vc_column_text][\/vc_accordion_tab][vc_accordion_tab title=&#8221;End\u00fcstriyel Robotlar\u0131n Uygulama Alanlar\u0131 Nelerdir?&#8221; tab_id=&#8221;parts-replacements&#8221;][vc_column_text]Sahip oldu\u011fu avantajlar nedeniyle end\u00fcstriyel robotlar\u0131n \u00f6zellikle ba\u015fta otomotiv, elektrik-elektronik, kimya, plastik<br \/>\nmakine, metal, yiyecek-i\u00e7ecek sekt\u00f6rleri olmak \u00fczere kullan\u0131m alanlar\u0131 olduk\u00e7a yayg\u0131nd\u0131r.<br \/>\nEnd\u00fcstriyel Robotlar\u0131n temel kullan\u0131m alanlar\u0131n\u0131n belli ba\u015fl\u0131 olanlar\u0131 \u015fu \u015fekilde s\u0131ralanabilir:<br \/>\n&#8211; Elle\u00e7leme (Handling) (Malzeme se\u00e7me, ta\u015f\u0131ma, s\u0131ralama, yerle\u015ftirme vb.) uygulamalar\u0131nda,<br \/>\n&#8211; Montaj (Mounting) ve S\u00f6kme uygulamalar\u0131nda,<br \/>\n&#8211; Nokta Kaynak (Spot Welding), Ark Kaynak ve Rotal\u0131 Kaynak uygulamalar\u0131nda,<br \/>\n&#8211; Yap\u0131\u015ft\u0131rma\/S\u0131zd\u0131rmazl\u0131k maddeleri uygulamalar\u0131nda<br \/>\n&#8211; Malzeme \u0130\u015fleme (Frezeleme vb.) uygulamalar\u0131nda,<br \/>\n&#8211; \u00c7apak temizleme, parlatma, boyama vb. uygulamalarda,<br \/>\n&#8211; Paketleme, stok ve y\u00fckleme uygulamalar\u0131nda,<br \/>\n&#8211; D\u00f6k\u00fcm, presleme, d\u00f6vme vb. uygulamalarda,<br \/>\n&#8211; \u00d6l\u00e7\u00fcm ve kontrol uygulamalar\u0131nda[\/vc_column_text][\/vc_accordion_tab][\/vc_accordion]<a class=\"cs-action-button template-bubble\" href=\"https:\/\/ayhanelektromekanik.com\/index.php\/sik-sorulan-sorular\/\" target=\"_blank\" title=\"T\u00dcM SORULAR\"><span>T\u00dcM SORULAR<\/span><\/a>[\/vc_column][\/vc_row][vc_row type=&#8221;full-width&#8221; top_margin=&#8221;page-margin-top-section&#8221; el_class=&#8221;padding-bottom-50 top-border&#8221;][vc_column][vc_row_inner][vc_column_inner]<div class=\"our-clients-list-container page-margin-top type-carousel\">\r\n\t\t\t\t\t<ul class=\"our-clients-list autoplay-0 type-carousel\"><li><img loading=\"lazy\" decoding=\"async\" width=\"212\" height=\"50\" src=\"https:\/\/ayhanelektromekanik.com\/wp-content\/uploads\/2023\/12\/OMRON_Logo.svg-1024x242-1.png\" class=\"attachment-full size-full\" alt=\"\" \/><\/li><li><img loading=\"lazy\" decoding=\"async\" width=\"210\" height=\"50\" src=\"https:\/\/ayhanelektromekanik.com\/wp-content\/uploads\/2023\/12\/Siemens-invert-logo-1024x244-1.png\" class=\"attachment-full size-full\" alt=\"\" \/><\/li><li><img loading=\"lazy\" decoding=\"async\" width=\"293\" height=\"50\" src=\"https:\/\/ayhanelektromekanik.com\/wp-content\/uploads\/2023\/12\/KUKA-logo.svg_.png\" class=\"attachment-full size-full\" alt=\"\" \/><\/li><li><img loading=\"lazy\" decoding=\"async\" width=\"154\" height=\"50\" src=\"https:\/\/ayhanelektromekanik.com\/wp-content\/uploads\/2023\/12\/logoSMC-1536x499-1.jpg\" class=\"attachment-full size-full\" alt=\"\" srcset=\"https:\/\/ayhanelektromekanik.com\/wp-content\/uploads\/2023\/12\/logoSMC-1536x499-1.jpg 154w, https:\/\/ayhanelektromekanik.com\/wp-content\/uploads\/2023\/12\/logoSMC-1536x499-1-150x50.jpg 150w\" sizes=\"(max-width: 154px) 100vw, 154px\" \/><\/li><li><img loading=\"lazy\" decoding=\"async\" width=\"275\" height=\"50\" src=\"https:\/\/ayhanelektromekanik.com\/wp-content\/uploads\/2023\/12\/1200px-Yaskawa_logo.svg_.png\" class=\"attachment-full size-full\" alt=\"\" srcset=\"https:\/\/ayhanelektromekanik.com\/wp-content\/uploads\/2023\/12\/1200px-Yaskawa_logo.svg_.png 275w, https:\/\/ayhanelektromekanik.com\/wp-content\/uploads\/2023\/12\/1200px-Yaskawa_logo.svg_-270x50.png 270w\" sizes=\"(max-width: 275px) 100vw, 275px\" \/><\/li><li><img loading=\"lazy\" decoding=\"async\" width=\"126\" height=\"50\" src=\"https:\/\/ayhanelektromekanik.com\/wp-content\/uploads\/2023\/12\/1024px-ABB_logo.svg_.png\" class=\"attachment-full size-full\" alt=\"\" \/><\/li><\/ul><div class=\"cs-carousel-pagination\"><\/div><\/div>[\/vc_column_inner][\/vc_row_inner][\/vc_column][\/vc_row]<\/p>\n","protected":false},"excerpt":{"rendered":"<p>[vc_row type=&#8221;full-width&#8221;][vc_column][rev_slider_vc alias=&#8221;car-dealership&#8221;][\/vc_column][\/vc_row][vc_row top_margin=&#8221;page-margin-top-section&#8221;][vc_column][vc_column_text el_class=&#8221;description align-center&#8221;]Geni\u015f bir hizmet yelpazesini tek \u00e7at\u0131 alt\u0131nda toplad\u0131k. Profesyonel ekibimizle ilgili robotik otomasyon s\u00fcrecine uygun \u00e7\u00f6z\u00fcmlerimizle i\u015fletmenizin yan\u0131nday\u0131z.[\/vc_column_text][\/vc_column][\/vc_row][vc_row type=&#8221;full-width&#8221; css=&#8221;.vc_custom_1439892689981{background-color: #f5f5f5 !important;}&#8221;][vc_column][\/vc_column][\/vc_row][vc_row top_margin=&#8221;page-margin-top-section&#8221;][vc_column][vc_column_text el_class=&#8221;description align-center&#8221;]G\u00fcncel teknolojileri takip eden ve ilgili alana y\u00f6nelik spesifik elektromekanik \u00e7\u00f6z\u00fcmleri geli\u015ftiren dinamik yap\u0131m\u0131zla i\u015fletmeniz i\u00e7in entegre \u00e7\u00f6z\u00fcmler \u00fcretiyoruz.[\/vc_column_text][vc_row_inner top_margin=&#8221;page-margin-top&#8221;][vc_column_inner width=&#8221;1\/3&#8243;][\/vc_column_inner][vc_column_inner width=&#8221;1\/3&#8243;][\/vc_column_inner][vc_column_inner width=&#8221;1\/3&#8243;][\/vc_column_inner][\/vc_row_inner][\/vc_column][\/vc_row][vc_row type=&#8221;full-width&#8221; top_margin=&#8221;page-margin-top-section&#8221; el_class=&#8221;flex-box&#8221;<\/p>\n","protected":false},"author":7,"featured_media":0,"parent":0,"menu_order":0,"comment_status":"open","ping_status":"open","template":"template-default-without-breadcrumbs.php","meta":{"footnotes":"","_vp_format_video_url":"","_vp_image_focal_point":[]},"_links":{"self":[{"href":"https:\/\/ayhanelektromekanik.com\/index.php\/wp-json\/wp\/v2\/pages\/525"}],"collection":[{"href":"https:\/\/ayhanelektromekanik.com\/index.php\/wp-json\/wp\/v2\/pages"}],"about":[{"href":"https:\/\/ayhanelektromekanik.com\/index.php\/wp-json\/wp\/v2\/types\/page"}],"author":[{"embeddable":true,"href":"https:\/\/ayhanelektromekanik.com\/index.php\/wp-json\/wp\/v2\/users\/7"}],"replies":[{"embeddable":true,"href":"https:\/\/ayhanelektromekanik.com\/index.php\/wp-json\/wp\/v2\/comments?post=525"}],"version-history":[{"count":109,"href":"https:\/\/ayhanelektromekanik.com\/index.php\/wp-json\/wp\/v2\/pages\/525\/revisions"}],"predecessor-version":[{"id":1772,"href":"https:\/\/ayhanelektromekanik.com\/index.php\/wp-json\/wp\/v2\/pages\/525\/revisions\/1772"}],"wp:attachment":[{"href":"https:\/\/ayhanelektromekanik.com\/index.php\/wp-json\/wp\/v2\/media?parent=525"}],"curies":[{"name":"wp","href":"https:\/\/api.w.org\/{rel}","templated":true}]}}