{"id":294,"date":"2015-05-28T12:31:28","date_gmt":"2015-05-28T12:31:28","guid":{"rendered":"http:\/\/quanticalabs.com\/wptest\/carservice\/?page_id=294"},"modified":"2022-07-24T14:23:09","modified_gmt":"2022-07-24T11:23:09","slug":"search-page-template","status":"publish","type":"page","link":"https:\/\/ayhanelektromekanik.com\/index.php\/search-page-template\/","title":{"rendered":"Search Page Template"},"content":{"rendered":"<p>[vc_row el_class=&#8221;margin-top-70&#8243;][vc_column width=&#8221;3\/4&#8243;]<div class=\"vc_row wpb_row vc_row-fluid\"><ul class=\"blog clearfix\"><li class=\" post post-1705 type-post status-publish format-standard has-post-thumbnail hentry category-genel\"><a class=\"post-image\" href=\"https:\/\/ayhanelektromekanik.com\/index.php\/2023\/12\/28\/endustri-4-0-nedir\/\" title=\"END\u00dcSTR\u0130 4.0 NED\u0130R?\"><img loading=\"lazy\" decoding=\"async\" width=\"600\" height=\"400\" src=\"https:\/\/ayhanelektromekanik.com\/wp-content\/uploads\/2023\/12\/Endustri4.0.jpg\" class=\"attachment-blog-post-thumb size-blog-post-thumb wp-post-image\" alt=\"END\u00dcSTR\u0130 4.0 NED\u0130R?\" title=\"\" srcset=\"https:\/\/ayhanelektromekanik.com\/wp-content\/uploads\/2023\/12\/Endustri4.0.jpg 600w, https:\/\/ayhanelektromekanik.com\/wp-content\/uploads\/2023\/12\/Endustri4.0-300x200.jpg 300w, https:\/\/ayhanelektromekanik.com\/wp-content\/uploads\/2023\/12\/Endustri4.0-500x333.jpg 500w, https:\/\/ayhanelektromekanik.com\/wp-content\/uploads\/2023\/12\/Endustri4.0-570x380.jpg 570w, https:\/\/ayhanelektromekanik.com\/wp-content\/uploads\/2023\/12\/Endustri4.0-480x320.jpg 480w, https:\/\/ayhanelektromekanik.com\/wp-content\/uploads\/2023\/12\/Endustri4.0-390x260.jpg 390w, https:\/\/ayhanelektromekanik.com\/wp-content\/uploads\/2023\/12\/Endustri4.0-270x180.jpg 270w\" sizes=\"(max-width: 600px) 100vw, 600px\" \/><\/a><div class=\"post-content-details-container clearfix\"><ul class=\"post-content-details margin-right-20\"><li>28 Aral\u0131k 2023<\/li><li>Taraf\u0131ndan yay\u0131mland\u0131: <a href=\"https:\/\/ayhanelektromekanik.com\/index.php\/author\/ayhan_elektromekanik\/\" title=\"Ayhan Elektromekanik\">Ayhan Elektromekanik<\/a><\/li><li>Kategori: <a class=\"category-1\" href=\"https:\/\/ayhanelektromekanik.com\/index.php\/category\/genel\/\" title=\"Genel ile ilgili t\u00fcm yaz\u0131lar\u0131 g\u00f6r\u00fcnt\u00fcleyin\">Genel<\/a><\/li><\/ul><ul class=\"post-content-details right\"><li class=\"template-eye\">1089<\/li><li class=\"template-bubble\"><a href=\"https:\/\/ayhanelektromekanik.com\/index.php\/2023\/12\/28\/endustri-4-0-nedir\/#respond\" title=\"0 comments\">0<\/a><\/li><\/ul><\/div><h3 class=\"box-header\"><a href=\"https:\/\/ayhanelektromekanik.com\/index.php\/2023\/12\/28\/endustri-4-0-nedir\/\" title=\"END\u00dcSTR\u0130 4.0 NED\u0130R?\">END\u00dcSTR\u0130 4.0 NED\u0130R?<\/a><\/h3><p>Buharl\u0131 makinelerimizle ilk sanayi devrimini ger\u00e7ekle\u015ftirdik, ard\u0131ndan elektrikle tan\u0131\u015farak bu devrimi ikinci evreye ta\u015f\u0131d\u0131k ve dijital teknolojiyi ke\u015ffederek 3. Sanayi Devrimine kadar geldik. S\u00fcrekli geli\u015fen teknoloji nedeniyle art\u0131k end\u00fcstrimiz bu evreyi de a\u015fmak zorunda kald\u0131 ve End\u00fcstri 4.0 ad\u0131yla da bilinen 4. Sanayi Devrimine ula\u015ft\u0131k. \u0130lk kez 2011 y\u0131l\u0131nda ger\u00e7ekle\u015ftirilen Hannover Fuar\u0131\u2019nda ad\u0131 duyulan End\u00fcstri<\/p>\n<div class=\"vc_row wpb_row vc_row-fluid padding-top-54 padding-bottom-20\"><a title=\"DEVAMINI OKUYUN\" href=\"https:\/\/ayhanelektromekanik.com\/index.php\/2023\/12\/28\/endustri-4-0-nedir\/\" class=\"more\"><span>DEVAMINI OKUYUN<\/span><\/a><\/div><\/li><li class=\" post post-1624 type-post status-publish format-standard has-post-thumbnail hentry category-genel\"><a class=\"post-image\" href=\"https:\/\/ayhanelektromekanik.com\/index.php\/2022\/07\/20\/fanuc-roboshot-ile-daha-az-enerji-tuketimi\/\" title=\"FANUC Roboshot ile daha az enerji t\u00fcketimi\"><img loading=\"lazy\" decoding=\"async\" width=\"640\" height=\"427\" src=\"https:\/\/ayhanelektromekanik.com\/wp-content\/uploads\/2022\/07\/Fanuc_Roboshot_1-640x427-1.png\" class=\"attachment-blog-post-thumb size-blog-post-thumb wp-post-image\" alt=\"FANUC Roboshot ile daha az enerji t\u00fcketimi\" title=\"\" srcset=\"https:\/\/ayhanelektromekanik.com\/wp-content\/uploads\/2022\/07\/Fanuc_Roboshot_1-640x427-1.png 640w, https:\/\/ayhanelektromekanik.com\/wp-content\/uploads\/2022\/07\/Fanuc_Roboshot_1-640x427-1-300x200.png 300w, https:\/\/ayhanelektromekanik.com\/wp-content\/uploads\/2022\/07\/Fanuc_Roboshot_1-640x427-1-500x334.png 500w, https:\/\/ayhanelektromekanik.com\/wp-content\/uploads\/2022\/07\/Fanuc_Roboshot_1-640x427-1-570x380.png 570w, https:\/\/ayhanelektromekanik.com\/wp-content\/uploads\/2022\/07\/Fanuc_Roboshot_1-640x427-1-480x320.png 480w, https:\/\/ayhanelektromekanik.com\/wp-content\/uploads\/2022\/07\/Fanuc_Roboshot_1-640x427-1-390x260.png 390w, https:\/\/ayhanelektromekanik.com\/wp-content\/uploads\/2022\/07\/Fanuc_Roboshot_1-640x427-1-270x180.png 270w\" sizes=\"(max-width: 640px) 100vw, 640px\" \/><\/a><div class=\"post-content-details-container clearfix\"><ul class=\"post-content-details margin-right-20\"><li>20 Temmuz 2022<\/li><li>Taraf\u0131ndan yay\u0131mland\u0131: <a href=\"https:\/\/ayhanelektromekanik.com\/index.php\/author\/ayhan_elektromekanik\/\" title=\"Ayhan Elektromekanik\">Ayhan Elektromekanik<\/a><\/li><li>Kategori: <a class=\"category-1\" href=\"https:\/\/ayhanelektromekanik.com\/index.php\/category\/genel\/\" title=\"Genel ile ilgili t\u00fcm yaz\u0131lar\u0131 g\u00f6r\u00fcnt\u00fcleyin\">Genel<\/a><\/li><\/ul><ul class=\"post-content-details right\"><li class=\"template-eye\">1306<\/li><li class=\"template-bubble\"><a href=\"https:\/\/ayhanelektromekanik.com\/index.php\/2022\/07\/20\/fanuc-roboshot-ile-daha-az-enerji-tuketimi\/#respond\" title=\"0 comments\">0<\/a><\/li><\/ul><\/div><h3 class=\"box-header\"><a href=\"https:\/\/ayhanelektromekanik.com\/index.php\/2022\/07\/20\/fanuc-roboshot-ile-daha-az-enerji-tuketimi\/\" title=\"FANUC Roboshot ile daha az enerji t\u00fcketimi\">FANUC Roboshot ile daha az enerji t\u00fcketimi<\/a><\/h3><p>Donan\u0131m ve yaz\u0131l\u0131m i\u00e7in her bir \u00f6nemli bile\u015feni kendi b\u00fcnyesinde geli\u015ftiren ve \u00fcreten tek \u015firket olarak fabrika otomasyonuna y\u00f6n veren FANUC, tamamen ve sadece gerekti\u011finde elektrikle \u00e7al\u0131\u015fan Roboshot ile enerji tasarrufunu m\u00fcmk\u00fcn k\u0131l\u0131yor. D\u00f6nd\u00fcrme ve frezelemenin son CNC hassasiyeti teknolojisini al\u0131p elektrikli plastik enjeksiyon makinesine uygulayan Roboshot, y\u00fcksek verimli servo motor teknolojisi sayesinde geleneksel hidrolik<\/p>\n<div class=\"vc_row wpb_row vc_row-fluid padding-top-54 padding-bottom-20\"><a title=\"DEVAMINI OKUYUN\" href=\"https:\/\/ayhanelektromekanik.com\/index.php\/2022\/07\/20\/fanuc-roboshot-ile-daha-az-enerji-tuketimi\/\" class=\"more\"><span>DEVAMINI OKUYUN<\/span><\/a><\/div><\/li><li class=\" post post-1588 type-post status-publish format-standard has-post-thumbnail hentry category-genel\"><a class=\"post-image\" href=\"https:\/\/ayhanelektromekanik.com\/index.php\/2022\/07\/19\/schaeffler-merkez-laboratuvarinin-temellerini-atti\/\" title=\"Schaeffler merkez laboratuvar\u0131n\u0131n temellerini att\u0131\"><img loading=\"lazy\" decoding=\"async\" width=\"640\" height=\"427\" src=\"https:\/\/ayhanelektromekanik.com\/wp-content\/uploads\/2022\/07\/Schaeffler_Merkez-Laboratuvari-temel-atma-gorseli-640x427-1.jpg\" class=\"attachment-blog-post-thumb size-blog-post-thumb wp-post-image\" alt=\"Schaeffler merkez laboratuvar\u0131n\u0131n temellerini att\u0131\" title=\"\" srcset=\"https:\/\/ayhanelektromekanik.com\/wp-content\/uploads\/2022\/07\/Schaeffler_Merkez-Laboratuvari-temel-atma-gorseli-640x427-1.jpg 640w, https:\/\/ayhanelektromekanik.com\/wp-content\/uploads\/2022\/07\/Schaeffler_Merkez-Laboratuvari-temel-atma-gorseli-640x427-1-300x200.jpg 300w, https:\/\/ayhanelektromekanik.com\/wp-content\/uploads\/2022\/07\/Schaeffler_Merkez-Laboratuvari-temel-atma-gorseli-640x427-1-500x334.jpg 500w, https:\/\/ayhanelektromekanik.com\/wp-content\/uploads\/2022\/07\/Schaeffler_Merkez-Laboratuvari-temel-atma-gorseli-640x427-1-570x380.jpg 570w, https:\/\/ayhanelektromekanik.com\/wp-content\/uploads\/2022\/07\/Schaeffler_Merkez-Laboratuvari-temel-atma-gorseli-640x427-1-480x320.jpg 480w, https:\/\/ayhanelektromekanik.com\/wp-content\/uploads\/2022\/07\/Schaeffler_Merkez-Laboratuvari-temel-atma-gorseli-640x427-1-390x260.jpg 390w, https:\/\/ayhanelektromekanik.com\/wp-content\/uploads\/2022\/07\/Schaeffler_Merkez-Laboratuvari-temel-atma-gorseli-640x427-1-270x180.jpg 270w\" sizes=\"(max-width: 640px) 100vw, 640px\" \/><\/a><div class=\"post-content-details-container clearfix\"><ul class=\"post-content-details margin-right-20\"><li>19 Temmuz 2022<\/li><li>Taraf\u0131ndan yay\u0131mland\u0131: <a href=\"https:\/\/ayhanelektromekanik.com\/index.php\/author\/ayhan_elektromekanik\/\" title=\"Ayhan Elektromekanik\">Ayhan Elektromekanik<\/a><\/li><li>Kategori: <a class=\"category-1\" href=\"https:\/\/ayhanelektromekanik.com\/index.php\/category\/genel\/\" title=\"Genel ile ilgili t\u00fcm yaz\u0131lar\u0131 g\u00f6r\u00fcnt\u00fcleyin\">Genel<\/a><\/li><\/ul><ul class=\"post-content-details right\"><li class=\"template-eye\">1495<\/li><li class=\"template-bubble\"><a href=\"https:\/\/ayhanelektromekanik.com\/index.php\/2022\/07\/19\/schaeffler-merkez-laboratuvarinin-temellerini-atti\/#respond\" title=\"0 comments\">0<\/a><\/li><\/ul><\/div><h3 class=\"box-header\"><a href=\"https:\/\/ayhanelektromekanik.com\/index.php\/2022\/07\/19\/schaeffler-merkez-laboratuvarinin-temellerini-atti\/\" title=\"Schaeffler merkez laboratuvar\u0131n\u0131n temellerini att\u0131\">Schaeffler merkez laboratuvar\u0131n\u0131n temellerini att\u0131<\/a><\/h3><p>Otomotiv ve end\u00fcstri sekt\u00f6rlerinin k\u00fcresel \u00e7apta lider tedarik\u00e7ilerinden Schaeffler, \u015firketin ana uzmanl\u0131klar\u0131n\u0131 ve kilit teknolojilerini tek bir \u00e7at\u0131 alt\u0131nda toplayacak merkez laboratuvar\u0131n\u0131n temellerini att\u0131. De\u011feri milyonlar\u0131 bulan yat\u0131r\u0131m\u0131n \u015firketin gelece\u011fine g\u00fc\u00e7 kataca\u011f\u0131 \u00f6ng\u00f6r\u00fcl\u00fcyor. Ye\u015fil bina olarak tasarlanan ve s\u00fcrd\u00fcr\u00fclebilirlik standartlar\u0131nda devrim niteli\u011finde de\u011fi\u015fimler yaratmas\u0131 hedeflenen teknoloji harikas\u0131 bina, 17 bin metrekareyi a\u015fk\u0131n toplam alan \u00fczerinde<\/p>\n<div class=\"vc_row wpb_row vc_row-fluid padding-top-54 padding-bottom-20\"><a title=\"DEVAMINI OKUYUN\" href=\"https:\/\/ayhanelektromekanik.com\/index.php\/2022\/07\/19\/schaeffler-merkez-laboratuvarinin-temellerini-atti\/\" class=\"more\"><span>DEVAMINI OKUYUN<\/span><\/a><\/div><\/li><\/ul><\/div>[\/vc_column][vc_column type=&#8221;cs-smart-column&#8221; width=&#8221;1\/4&#8243;]<h6 class=\" box-header page-margin-top\">SON HABERLER<\/h6><div class=\"vc_row wpb_row vc_row-fluid\"><ul class=\"blog clearfix small margin-top-30\"><li class=\"small post post-1705 type-post status-publish format-standard has-post-thumbnail hentry category-genel\"><a class=\"post-image\" href=\"https:\/\/ayhanelektromekanik.com\/index.php\/2023\/12\/28\/endustri-4-0-nedir\/\" title=\"END\u00dcSTR\u0130 4.0 NED\u0130R?\"><img loading=\"lazy\" decoding=\"async\" width=\"90\" height=\"90\" src=\"https:\/\/ayhanelektromekanik.com\/wp-content\/uploads\/2023\/12\/Endustri4.0-90x90.jpg\" class=\"attachment-tiny-thumb size-tiny-thumb wp-post-image\" alt=\"END\u00dcSTR\u0130 4.0 NED\u0130R?\" title=\"\" srcset=\"https:\/\/ayhanelektromekanik.com\/wp-content\/uploads\/2023\/12\/Endustri4.0-90x90.jpg 90w, https:\/\/ayhanelektromekanik.com\/wp-content\/uploads\/2023\/12\/Endustri4.0-150x150.jpg 150w\" sizes=\"(max-width: 90px) 100vw, 90px\" \/><\/a><div class=\"post-content\"><a href=\"https:\/\/ayhanelektromekanik.com\/index.php\/2023\/12\/28\/endustri-4-0-nedir\/\" title=\"END\u00dcSTR\u0130 4.0 NED\u0130R?\">END\u00dcSTR\u0130 4.0 NED\u0130R?<\/a><ul class=\"post-content-details\"><li>28 Aral\u0131k 2023<\/li><\/ul><\/div><\/li><li class=\"small post post-1624 type-post status-publish format-standard has-post-thumbnail hentry category-genel\"><a class=\"post-image\" href=\"https:\/\/ayhanelektromekanik.com\/index.php\/2022\/07\/20\/fanuc-roboshot-ile-daha-az-enerji-tuketimi\/\" title=\"FANUC Roboshot ile daha az enerji t\u00fcketimi\"><img loading=\"lazy\" decoding=\"async\" width=\"90\" height=\"90\" src=\"https:\/\/ayhanelektromekanik.com\/wp-content\/uploads\/2022\/07\/Fanuc_Roboshot_1-640x427-1-90x90.png\" class=\"attachment-tiny-thumb size-tiny-thumb wp-post-image\" alt=\"FANUC Roboshot ile daha az enerji t\u00fcketimi\" title=\"\" srcset=\"https:\/\/ayhanelektromekanik.com\/wp-content\/uploads\/2022\/07\/Fanuc_Roboshot_1-640x427-1-90x90.png 90w, https:\/\/ayhanelektromekanik.com\/wp-content\/uploads\/2022\/07\/Fanuc_Roboshot_1-640x427-1-150x150.png 150w\" sizes=\"(max-width: 90px) 100vw, 90px\" \/><\/a><div class=\"post-content\"><a href=\"https:\/\/ayhanelektromekanik.com\/index.php\/2022\/07\/20\/fanuc-roboshot-ile-daha-az-enerji-tuketimi\/\" title=\"FANUC Roboshot ile daha az enerji t\u00fcketimi\">FANUC Roboshot ile daha az enerji t\u00fcketimi<\/a><ul class=\"post-content-details\"><li>20 Temmuz 2022<\/li><\/ul><\/div><\/li><li class=\"small post post-1588 type-post status-publish format-standard has-post-thumbnail hentry category-genel\"><a class=\"post-image\" href=\"https:\/\/ayhanelektromekanik.com\/index.php\/2022\/07\/19\/schaeffler-merkez-laboratuvarinin-temellerini-atti\/\" title=\"Schaeffler merkez laboratuvar\u0131n\u0131n temellerini att\u0131\"><img loading=\"lazy\" decoding=\"async\" width=\"90\" height=\"90\" src=\"https:\/\/ayhanelektromekanik.com\/wp-content\/uploads\/2022\/07\/Schaeffler_Merkez-Laboratuvari-temel-atma-gorseli-640x427-1-90x90.jpg\" class=\"attachment-tiny-thumb size-tiny-thumb wp-post-image\" alt=\"Schaeffler merkez laboratuvar\u0131n\u0131n temellerini att\u0131\" title=\"\" srcset=\"https:\/\/ayhanelektromekanik.com\/wp-content\/uploads\/2022\/07\/Schaeffler_Merkez-Laboratuvari-temel-atma-gorseli-640x427-1-90x90.jpg 90w, https:\/\/ayhanelektromekanik.com\/wp-content\/uploads\/2022\/07\/Schaeffler_Merkez-Laboratuvari-temel-atma-gorseli-640x427-1-150x150.jpg 150w\" sizes=\"(max-width: 90px) 100vw, 90px\" \/><\/a><div class=\"post-content\"><a href=\"https:\/\/ayhanelektromekanik.com\/index.php\/2022\/07\/19\/schaeffler-merkez-laboratuvarinin-temellerini-atti\/\" title=\"Schaeffler merkez laboratuvar\u0131n\u0131n temellerini att\u0131\">Schaeffler merkez laboratuvar\u0131n\u0131n temellerini att\u0131<\/a><ul class=\"post-content-details\"><li>19 Temmuz 2022<\/li><\/ul><\/div><\/li><\/ul><\/div><h6 class=\" box-header page-margin-top\">EN \u00c7OK G\u00d6R\u00dcNT\u00dcLENENLER<\/h6><div class=\"vc_row wpb_row vc_row-fluid\"><ul class=\"blog clearfix small margin-top-30\"><li class=\"small post post-1588 type-post status-publish format-standard has-post-thumbnail hentry category-genel\"><a class=\"post-image\" href=\"https:\/\/ayhanelektromekanik.com\/index.php\/2022\/07\/19\/schaeffler-merkez-laboratuvarinin-temellerini-atti\/\" title=\"Schaeffler merkez laboratuvar\u0131n\u0131n temellerini att\u0131\"><img loading=\"lazy\" decoding=\"async\" width=\"90\" height=\"90\" src=\"https:\/\/ayhanelektromekanik.com\/wp-content\/uploads\/2022\/07\/Schaeffler_Merkez-Laboratuvari-temel-atma-gorseli-640x427-1-90x90.jpg\" class=\"attachment-tiny-thumb size-tiny-thumb wp-post-image\" alt=\"Schaeffler merkez laboratuvar\u0131n\u0131n temellerini att\u0131\" title=\"\" srcset=\"https:\/\/ayhanelektromekanik.com\/wp-content\/uploads\/2022\/07\/Schaeffler_Merkez-Laboratuvari-temel-atma-gorseli-640x427-1-90x90.jpg 90w, https:\/\/ayhanelektromekanik.com\/wp-content\/uploads\/2022\/07\/Schaeffler_Merkez-Laboratuvari-temel-atma-gorseli-640x427-1-150x150.jpg 150w\" sizes=\"(max-width: 90px) 100vw, 90px\" \/><\/a><div class=\"post-content\"><a href=\"https:\/\/ayhanelektromekanik.com\/index.php\/2022\/07\/19\/schaeffler-merkez-laboratuvarinin-temellerini-atti\/\" title=\"Schaeffler merkez laboratuvar\u0131n\u0131n temellerini att\u0131\">Schaeffler merkez laboratuvar\u0131n\u0131n temellerini att\u0131<\/a><ul class=\"post-content-details float\"><li>1495 views<\/li><\/ul><\/div><\/li><li class=\"small post post-1624 type-post status-publish format-standard has-post-thumbnail hentry category-genel\"><a class=\"post-image\" href=\"https:\/\/ayhanelektromekanik.com\/index.php\/2022\/07\/20\/fanuc-roboshot-ile-daha-az-enerji-tuketimi\/\" title=\"FANUC Roboshot ile daha az enerji t\u00fcketimi\"><img loading=\"lazy\" decoding=\"async\" width=\"90\" height=\"90\" src=\"https:\/\/ayhanelektromekanik.com\/wp-content\/uploads\/2022\/07\/Fanuc_Roboshot_1-640x427-1-90x90.png\" class=\"attachment-tiny-thumb size-tiny-thumb wp-post-image\" alt=\"FANUC Roboshot ile daha az enerji t\u00fcketimi\" title=\"\" srcset=\"https:\/\/ayhanelektromekanik.com\/wp-content\/uploads\/2022\/07\/Fanuc_Roboshot_1-640x427-1-90x90.png 90w, https:\/\/ayhanelektromekanik.com\/wp-content\/uploads\/2022\/07\/Fanuc_Roboshot_1-640x427-1-150x150.png 150w\" sizes=\"(max-width: 90px) 100vw, 90px\" \/><\/a><div class=\"post-content\"><a href=\"https:\/\/ayhanelektromekanik.com\/index.php\/2022\/07\/20\/fanuc-roboshot-ile-daha-az-enerji-tuketimi\/\" title=\"FANUC Roboshot ile daha az enerji t\u00fcketimi\">FANUC Roboshot ile daha az enerji t\u00fcketimi<\/a><ul class=\"post-content-details float\"><li>1306 views<\/li><\/ul><\/div><\/li><li class=\"small post post-1705 type-post status-publish format-standard has-post-thumbnail hentry category-genel\"><a class=\"post-image\" href=\"https:\/\/ayhanelektromekanik.com\/index.php\/2023\/12\/28\/endustri-4-0-nedir\/\" title=\"END\u00dcSTR\u0130 4.0 NED\u0130R?\"><img loading=\"lazy\" decoding=\"async\" width=\"90\" height=\"90\" src=\"https:\/\/ayhanelektromekanik.com\/wp-content\/uploads\/2023\/12\/Endustri4.0-90x90.jpg\" class=\"attachment-tiny-thumb size-tiny-thumb wp-post-image\" alt=\"END\u00dcSTR\u0130 4.0 NED\u0130R?\" title=\"\" srcset=\"https:\/\/ayhanelektromekanik.com\/wp-content\/uploads\/2023\/12\/Endustri4.0-90x90.jpg 90w, https:\/\/ayhanelektromekanik.com\/wp-content\/uploads\/2023\/12\/Endustri4.0-150x150.jpg 150w\" sizes=\"(max-width: 90px) 100vw, 90px\" \/><\/a><div class=\"post-content\"><a href=\"https:\/\/ayhanelektromekanik.com\/index.php\/2023\/12\/28\/endustri-4-0-nedir\/\" title=\"END\u00dcSTR\u0130 4.0 NED\u0130R?\">END\u00dcSTR\u0130 4.0 NED\u0130R?<\/a><ul class=\"post-content-details float\"><li>1089 views<\/li><\/ul><\/div><\/li><\/ul><\/div>[vc_wp_categories title=&#8221;KATEGOR\u0130LER&#8221; el_class=&#8221;page-margin-top clearfix&#8221;][vc_wp_archives title=&#8221;AR\u015e\u0130VLER&#8221; options=&#8221;count&#8221; el_class=&#8221;page-margin-top full-width clearfix&#8221;][\/vc_column][\/vc_row]<\/p>\n","protected":false},"excerpt":{"rendered":"<p>[vc_row el_class=&#8221;margin-top-70&#8243;][vc_column width=&#8221;3\/4&#8243;][\/vc_column][vc_column type=&#8221;cs-smart-column&#8221; width=&#8221;1\/4&#8243;][vc_wp_categories title=&#8221;KATEGOR\u0130LER&#8221; el_class=&#8221;page-margin-top clearfix&#8221;][vc_wp_archives title=&#8221;AR\u015e\u0130VLER&#8221; options=&#8221;count&#8221; el_class=&#8221;page-margin-top full-width clearfix&#8221;][\/vc_column][\/vc_row]<\/p>\n","protected":false},"author":7,"featured_media":0,"parent":0,"menu_order":0,"comment_status":"open","ping_status":"open","template":"search.php","meta":{"footnotes":"","_vp_format_video_url":"","_vp_image_focal_point":[]},"_links":{"self":[{"href":"https:\/\/ayhanelektromekanik.com\/index.php\/wp-json\/wp\/v2\/pages\/294"}],"collection":[{"href":"https:\/\/ayhanelektromekanik.com\/index.php\/wp-json\/wp\/v2\/pages"}],"about":[{"href":"https:\/\/ayhanelektromekanik.com\/index.php\/wp-json\/wp\/v2\/types\/page"}],"author":[{"embeddable":true,"href":"https:\/\/ayhanelektromekanik.com\/index.php\/wp-json\/wp\/v2\/users\/7"}],"replies":[{"embeddable":true,"href":"https:\/\/ayhanelektromekanik.com\/index.php\/wp-json\/wp\/v2\/comments?post=294"}],"version-history":[{"count":3,"href":"https:\/\/ayhanelektromekanik.com\/index.php\/wp-json\/wp\/v2\/pages\/294\/revisions"}],"predecessor-version":[{"id":1644,"href":"https:\/\/ayhanelektromekanik.com\/index.php\/wp-json\/wp\/v2\/pages\/294\/revisions\/1644"}],"wp:attachment":[{"href":"https:\/\/ayhanelektromekanik.com\/index.php\/wp-json\/wp\/v2\/media?parent=294"}],"curies":[{"name":"wp","href":"https:\/\/api.w.org\/{rel}","templated":true}]}}