{"id":1563,"date":"2022-07-19T15:19:46","date_gmt":"2022-07-19T12:19:46","guid":{"rendered":"https:\/\/ayhanelektromekanik.com\/?page_id=1563"},"modified":"2022-07-19T15:24:39","modified_gmt":"2022-07-19T12:24:39","slug":"projeler","status":"publish","type":"page","link":"https:\/\/ayhanelektromekanik.com\/index.php\/projeler\/","title":{"rendered":"Projeler"},"content":{"rendered":"<p>[vc_row][vc_column]\t\t\t<div class=\"vp-portfolio vp-uid-76f2da78 vp-id-1566   vp-portfolio-not-found\">\n\t\t\t\t\n<div class=\"vp-notice\">\n\tSe\u00e7iminizle e\u015fle\u015fen bir \u00f6\u011fe bulunamad\u0131.<\/div>\n\t\t\t<\/div>\n\t\t\t[\/vc_column][\/vc_row]<\/p>\n","protected":false},"excerpt":{"rendered":"<p>[vc_row][vc_column][\/vc_column][\/vc_row]<\/p>\n","protected":false},"author":7,"featured_media":0,"parent":0,"menu_order":0,"comment_status":"closed","ping_status":"closed","template":"","meta":{"footnotes":"","_vp_format_video_url":"","_vp_image_focal_point":[]},"_links":{"self":[{"href":"https:\/\/ayhanelektromekanik.com\/index.php\/wp-json\/wp\/v2\/pages\/1563"}],"collection":[{"href":"https:\/\/ayhanelektromekanik.com\/index.php\/wp-json\/wp\/v2\/pages"}],"about":[{"href":"https:\/\/ayhanelektromekanik.com\/index.php\/wp-json\/wp\/v2\/types\/page"}],"author":[{"embeddable":true,"href":"https:\/\/ayhanelektromekanik.com\/index.php\/wp-json\/wp\/v2\/users\/7"}],"replies":[{"embeddable":true,"href":"https:\/\/ayhanelektromekanik.com\/index.php\/wp-json\/wp\/v2\/comments?post=1563"}],"version-history":[{"count":3,"href":"https:\/\/ayhanelektromekanik.com\/index.php\/wp-json\/wp\/v2\/pages\/1563\/revisions"}],"predecessor-version":[{"id":1569,"href":"https:\/\/ayhanelektromekanik.com\/index.php\/wp-json\/wp\/v2\/pages\/1563\/revisions\/1569"}],"wp:attachment":[{"href":"https:\/\/ayhanelektromekanik.com\/index.php\/wp-json\/wp\/v2\/media?parent=1563"}],"curies":[{"name":"wp","href":"https:\/\/api.w.org\/{rel}","templated":true}]}}