{"id":1376,"date":"2020-10-29T00:44:25","date_gmt":"2020-10-28T21:44:25","guid":{"rendered":"https:\/\/ayhanelektromekanik.com\/?page_id=1376"},"modified":"2023-12-28T13:40:15","modified_gmt":"2023-12-28T10:40:15","slug":"sik-sorulan-sorular","status":"publish","type":"page","link":"https:\/\/ayhanelektromekanik.com\/index.php\/sik-sorulan-sorular\/","title":{"rendered":"S\u0131k Sorulan Sorular"},"content":{"rendered":"<p>[vc_row][vc_column][vc_empty_space height=&#8221;36px&#8221;][vc_toggle title=&#8221;End\u00fcstriyel Robot Nedir ve Ne \u0130\u015fe Yarar ?&#8221;]<strong>End\u00fcstriyel robot<\/strong>,\u00a0<a title=\"ISO 8373 (sayfa mevcut de\u011fil)\" href=\"https:\/\/tr.wikipedia.org\/w\/index.php?title=ISO_8373&amp;action=edit&amp;redlink=1\">ISO 8373<\/a><sup><a href=\"https:\/\/tr.wikipedia.org\/wiki\/End%C3%BCstriyel_robot#cite_note-1\">[1]<\/a><\/sup>\u00a0standard\u0131na g\u00f6re end\u00fcstriyel uygulamalarda kullan\u0131lan, \u00fc\u00e7 veya daha fazla programlanabilir ekseni olan, otomatik kontroll\u00fc, yeniden programlanabilir, \u00e7ok ama\u00e7l\u0131, uzayda sabitlenmi\u015f veya hareketli manip\u00fclat\u00f6rd\u00fcr.<\/p>\n<p>End\u00fcstriyel robotlar y\u00fcksek dayan\u0131kl\u0131l\u0131k, h\u0131z ve hassasiyet ile kaynak, boyama, montaj ve \u00fcr\u00fcn denetimi ile testlerde kullan\u0131lmaktad\u0131r.[\/vc_toggle][vc_toggle title=&#8221;End\u00fcstriyel Robotlar\u0131n Uygulama Alanlar\u0131 Nelerdir ?&#8221;]Sahip oldu\u011fu avantajlar nedeniyle end\u00fcstriyel robotlar\u0131n \u00f6zellikle ba\u015fta otomotiv, elektrik-elektronik, kimya, plastik<br \/>\nmakine, metal, yiyecek-i\u00e7ecek sekt\u00f6rleri olmak \u00fczere kullan\u0131m alanlar\u0131 olduk\u00e7a yayg\u0131nd\u0131r.<br \/>\nEnd\u00fcstriyel Robotlar\u0131n temel kullan\u0131m alanlar\u0131n\u0131n belli ba\u015fl\u0131 olanlar\u0131 \u015fu \u015fekilde s\u0131ralanabilir:<br \/>\n\u2013 Elle\u00e7leme (Handling) (Malzeme se\u00e7me, ta\u015f\u0131ma, s\u0131ralama, yerle\u015ftirme vb.) uygulamalar\u0131nda,<br \/>\n\u2013 Montaj (Mounting) ve S\u00f6kme uygulamalar\u0131nda,<br \/>\n\u2013 Nokta Kaynak (Spot Welding), Ark Kaynak ve Rotal\u0131 Kaynak uygulamalar\u0131nda,<br \/>\n\u2013 Yap\u0131\u015ft\u0131rma\/S\u0131zd\u0131rmazl\u0131k maddeleri uygulamalar\u0131nda<br \/>\n\u2013 Malzeme \u0130\u015fleme (Frezeleme vb.) uygulamalar\u0131nda,<br \/>\n\u2013 \u00c7apak temizleme, parlatma, boyama vb. uygulamalarda,<br \/>\n\u2013 Paketleme, stok ve y\u00fckleme uygulamalar\u0131nda,<br \/>\n\u2013 D\u00f6k\u00fcm, presleme, d\u00f6vme vb. uygulamalarda,<br \/>\n\u2013 \u00d6l\u00e7\u00fcm ve kontrol uygulamalar\u0131nda[\/vc_toggle][vc_toggle title=&#8221;Robot Programlama Dilleri Nelerdir ?&#8221;]1.\u00a0<strong>ABB Robot Programlama<\/strong>: T\u00fcm panel kontrol modelleri kullan\u0131c\u0131 dostu haz\u0131r komutlara sahip\u00a0<strong>robot programlama<\/strong>\u00a0dili olarak \u00f6ne \u00e7\u0131kar. Bu komutlar\u0131n kullan\u0131m\u0131 i\u00e7in RAPID dilini kullan\u0131r ve olduk\u00e7a kolay i\u015fletimi vard\u0131r. CPU ile di\u011fer sistemlerin \u00e7al\u0131\u015ft\u0131r\u0131lmas\u0131na ve haberle\u015fmesine yarayan ara y\u00fcze \u2018<em>Panel Board<\/em>\u2019 ad\u0131 verilmektedir.<\/p>\n<p>2.\u00a0<strong>Kuka Robot Programlama<\/strong>: Kodlama olarak Pascal programlama dilini baz al\u0131r. Orta d\u00fczey yaz\u0131l\u0131m bilmek gereklidir. Geni\u015fletilebilir sistem yaz\u0131l\u0131m\u0131, haz\u0131r \u00fcretilmi\u015f robot uygulamalar\u0131, entegre soft-PLC ile kapsaml\u0131 sim\u00fclasyon ara\u00e7lar\u0131n\u0131 kullanarak uygulamalar yapabilmek m\u00fcmk\u00fcnd\u00fcr. Ayn\u0131 zamanda ak\u0131ll\u0131 robot a\u011flar\u0131 ve g\u00fcvenli insan \u2013 makine etkile\u015fimleri ile de akl\u0131n\u0131zdaki otomasyon fikirlerini hayata ge\u00e7irebilirsiniz. Ayr\u0131ca\u00a0<strong>Kuka robot e\u011fitimi<\/strong>\u00a0alarak kendinizi daha da geli\u015ftirmeniz m\u00fcmk\u00fcnd\u00fcr.<\/p>\n<p>3.\u00a0<strong>Fanuc Robot Programlama<\/strong>: Say\u0131sal kontrol sistemi ile her bir \u00fcretim cihaz\u0131n\u0131n farkl\u0131 kontrol seviyelerinde bulunmas\u0131 ve bir model ya da dizi say\u0131s\u0131na g\u00f6re adland\u0131r\u0131l\u0131r. Her bir denetleyici modeli bu ayg\u0131t \u00fczerinde kullan\u0131lmak \u00fczere baz\u0131 kontrol y\u00f6ntemleri ile \u00e7al\u0131\u015f\u0131r. Bunlar:<\/p>\n<ul>\n<li>M (Freze)<\/li>\n<li>T (Torna)<\/li>\n<li>TT (\u0130kiz Kule)<\/li>\n<li>P (Punch Pres)<\/li>\n<li>G (Ta\u015flama)<\/li>\n<\/ul>\n<p>[\/vc_toggle][\/vc_column][\/vc_row]<\/p>\n","protected":false},"excerpt":{"rendered":"<p>[vc_row][vc_column][vc_empty_space height=&#8221;36px&#8221;][vc_toggle title=&#8221;End\u00fcstriyel Robot Nedir ve Ne \u0130\u015fe Yarar ?&#8221;]End\u00fcstriyel robot,\u00a0ISO 8373[1]\u00a0standard\u0131na g\u00f6re end\u00fcstriyel uygulamalarda kullan\u0131lan, \u00fc\u00e7 veya daha fazla programlanabilir ekseni olan, otomatik kontroll\u00fc, yeniden programlanabilir, \u00e7ok ama\u00e7l\u0131, uzayda sabitlenmi\u015f veya hareketli manip\u00fclat\u00f6rd\u00fcr. End\u00fcstriyel robotlar y\u00fcksek dayan\u0131kl\u0131l\u0131k, h\u0131z ve hassasiyet ile kaynak, boyama, montaj ve \u00fcr\u00fcn denetimi ile testlerde kullan\u0131lmaktad\u0131r.[\/vc_toggle][vc_toggle title=&#8221;End\u00fcstriyel Robotlar\u0131n Uygulama Alanlar\u0131<\/p>\n","protected":false},"author":7,"featured_media":0,"parent":0,"menu_order":0,"comment_status":"closed","ping_status":"closed","template":"","meta":{"footnotes":"","_vp_format_video_url":"","_vp_image_focal_point":[]},"_links":{"self":[{"href":"https:\/\/ayhanelektromekanik.com\/index.php\/wp-json\/wp\/v2\/pages\/1376"}],"collection":[{"href":"https:\/\/ayhanelektromekanik.com\/index.php\/wp-json\/wp\/v2\/pages"}],"about":[{"href":"https:\/\/ayhanelektromekanik.com\/index.php\/wp-json\/wp\/v2\/types\/page"}],"author":[{"embeddable":true,"href":"https:\/\/ayhanelektromekanik.com\/index.php\/wp-json\/wp\/v2\/users\/7"}],"replies":[{"embeddable":true,"href":"https:\/\/ayhanelektromekanik.com\/index.php\/wp-json\/wp\/v2\/comments?post=1376"}],"version-history":[{"count":10,"href":"https:\/\/ayhanelektromekanik.com\/index.php\/wp-json\/wp\/v2\/pages\/1376\/revisions"}],"predecessor-version":[{"id":1728,"href":"https:\/\/ayhanelektromekanik.com\/index.php\/wp-json\/wp\/v2\/pages\/1376\/revisions\/1728"}],"wp:attachment":[{"href":"https:\/\/ayhanelektromekanik.com\/index.php\/wp-json\/wp\/v2\/media?parent=1376"}],"curies":[{"name":"wp","href":"https:\/\/api.w.org\/{rel}","templated":true}]}}