{"id":137,"date":"2015-05-20T11:09:20","date_gmt":"2015-05-20T11:09:20","guid":{"rendered":"http:\/\/quanticalabs.com\/wptest\/carservice\/?page_id=137"},"modified":"2024-01-04T14:53:54","modified_gmt":"2024-01-04T11:53:54","slug":"hizmetler","status":"publish","type":"page","link":"https:\/\/ayhanelektromekanik.com\/index.php\/hizmetler\/","title":{"rendered":"Hizmetler"},"content":{"rendered":"<p>[vc_row el_class=&#8221;padding-top-70&#8243;][vc_column]<ul class=\"services-list clearfix\"><div class=\"vc_row wpb_row vc_row-fluid\"><li><a href=\"https:\/\/ayhanelektromekanik.com\/index.php\/services\/mekanik-tasarim-imalat-ve-montaj\/\" title=\"Mekanik Tasar\u0131m, \u0130malat ve Montaj\"><img loading=\"lazy\" decoding=\"async\" width=\"390\" height=\"260\" src=\"https:\/\/ayhanelektromekanik.com\/wp-content\/uploads\/2015\/05\/Mekanik-Tasarim-Imalat-ve-Montaj-1-390x260.jpg\" class=\"attachment-medium-thumb size-medium-thumb wp-post-image\" alt=\"Mekanik Tasar\u0131m, \u0130malat ve Montaj\" title=\"\" srcset=\"https:\/\/ayhanelektromekanik.com\/wp-content\/uploads\/2015\/05\/Mekanik-Tasarim-Imalat-ve-Montaj-1-390x260.jpg 390w, https:\/\/ayhanelektromekanik.com\/wp-content\/uploads\/2015\/05\/Mekanik-Tasarim-Imalat-ve-Montaj-1-300x200.jpg 300w, https:\/\/ayhanelektromekanik.com\/wp-content\/uploads\/2015\/05\/Mekanik-Tasarim-Imalat-ve-Montaj-1-270x180.jpg 270w, https:\/\/ayhanelektromekanik.com\/wp-content\/uploads\/2015\/05\/Mekanik-Tasarim-Imalat-ve-Montaj-1.jpg 480w\" sizes=\"(max-width: 390px) 100vw, 390px\" \/><\/a><h4 class=\"box-header\"><a href=\"https:\/\/ayhanelektromekanik.com\/index.php\/services\/mekanik-tasarim-imalat-ve-montaj\/\" title=\"Mekanik Tasar\u0131m, \u0130malat ve Montaj\">Mekanik Tasar\u0131m, \u0130malat ve Montaj<\/a><\/h4><\/li><li><a href=\"https:\/\/ayhanelektromekanik.com\/index.php\/services\/elektrik-ve-otomasyon\/\" title=\"Elektrik ve Otomasyon\"><img loading=\"lazy\" decoding=\"async\" width=\"390\" height=\"260\" src=\"https:\/\/ayhanelektromekanik.com\/wp-content\/uploads\/2015\/05\/Elektrik-ve-Otomasyon-390x260.jpg\" class=\"attachment-medium-thumb size-medium-thumb wp-post-image\" alt=\"Elektrik ve Otomasyon\" title=\"\" srcset=\"https:\/\/ayhanelektromekanik.com\/wp-content\/uploads\/2015\/05\/Elektrik-ve-Otomasyon-390x260.jpg 390w, https:\/\/ayhanelektromekanik.com\/wp-content\/uploads\/2015\/05\/Elektrik-ve-Otomasyon-300x200.jpg 300w, https:\/\/ayhanelektromekanik.com\/wp-content\/uploads\/2015\/05\/Elektrik-ve-Otomasyon-270x180.jpg 270w, https:\/\/ayhanelektromekanik.com\/wp-content\/uploads\/2015\/05\/Elektrik-ve-Otomasyon.jpg 480w\" sizes=\"(max-width: 390px) 100vw, 390px\" \/><\/a><h4 class=\"box-header\"><a href=\"https:\/\/ayhanelektromekanik.com\/index.php\/services\/elektrik-ve-otomasyon\/\" title=\"Elektrik ve Otomasyon\">Elektrik ve Otomasyon<\/a><\/h4><\/li><li><a href=\"https:\/\/ayhanelektromekanik.com\/index.php\/services\/test-ve-devreye-alma\/\" title=\"Test ve Devreye Alma\"><img loading=\"lazy\" decoding=\"async\" width=\"390\" height=\"260\" src=\"https:\/\/ayhanelektromekanik.com\/wp-content\/uploads\/2015\/05\/TEST-VE-DEVREYE-ALMA-390x260.jpg\" class=\"attachment-medium-thumb size-medium-thumb wp-post-image\" alt=\"Test ve Devreye Alma\" title=\"\" srcset=\"https:\/\/ayhanelektromekanik.com\/wp-content\/uploads\/2015\/05\/TEST-VE-DEVREYE-ALMA-390x260.jpg 390w, https:\/\/ayhanelektromekanik.com\/wp-content\/uploads\/2015\/05\/TEST-VE-DEVREYE-ALMA-300x200.jpg 300w, https:\/\/ayhanelektromekanik.com\/wp-content\/uploads\/2015\/05\/TEST-VE-DEVREYE-ALMA-270x180.jpg 270w, https:\/\/ayhanelektromekanik.com\/wp-content\/uploads\/2015\/05\/TEST-VE-DEVREYE-ALMA.jpg 480w\" sizes=\"(max-width: 390px) 100vw, 390px\" \/><\/a><h4 class=\"box-header\"><a href=\"https:\/\/ayhanelektromekanik.com\/index.php\/services\/test-ve-devreye-alma\/\" title=\"Test ve Devreye Alma\">Test ve Devreye Alma<\/a><\/h4><\/li><\/div><div class=\"vc_row wpb_row vc_row-fluid\"><li><a href=\"https:\/\/ayhanelektromekanik.com\/index.php\/services\/danismanlik-hizmeti\/\" title=\"Dan\u0131\u015fmanl\u0131k Hizmeti\"><img loading=\"lazy\" decoding=\"async\" width=\"390\" height=\"260\" src=\"https:\/\/ayhanelektromekanik.com\/wp-content\/uploads\/2015\/05\/83650448_106567484228789_918830432466763776_n-390x260.jpg\" class=\"attachment-medium-thumb size-medium-thumb wp-post-image\" alt=\"Dan\u0131\u015fmanl\u0131k Hizmeti\" title=\"\" srcset=\"https:\/\/ayhanelektromekanik.com\/wp-content\/uploads\/2015\/05\/83650448_106567484228789_918830432466763776_n-390x260.jpg 390w, https:\/\/ayhanelektromekanik.com\/wp-content\/uploads\/2015\/05\/83650448_106567484228789_918830432466763776_n-300x200.jpg 300w, https:\/\/ayhanelektromekanik.com\/wp-content\/uploads\/2015\/05\/83650448_106567484228789_918830432466763776_n-270x180.jpg 270w, https:\/\/ayhanelektromekanik.com\/wp-content\/uploads\/2015\/05\/83650448_106567484228789_918830432466763776_n.jpg 480w\" sizes=\"(max-width: 390px) 100vw, 390px\" \/><\/a><h4 class=\"box-header\"><a href=\"https:\/\/ayhanelektromekanik.com\/index.php\/services\/danismanlik-hizmeti\/\" title=\"Dan\u0131\u015fmanl\u0131k Hizmeti\">Dan\u0131\u015fmanl\u0131k Hizmeti<\/a><\/h4><\/li><\/div><\/ul>[\/vc_column][\/vc_row]<\/p>\n","protected":false},"excerpt":{"rendered":"<p>[vc_row el_class=&#8221;padding-top-70&#8243;][vc_column][\/vc_column][\/vc_row]<\/p>\n","protected":false},"author":7,"featured_media":0,"parent":0,"menu_order":0,"comment_status":"closed","ping_status":"open","template":"","meta":{"footnotes":"","_vp_format_video_url":"","_vp_image_focal_point":[]},"_links":{"self":[{"href":"https:\/\/ayhanelektromekanik.com\/index.php\/wp-json\/wp\/v2\/pages\/137"}],"collection":[{"href":"https:\/\/ayhanelektromekanik.com\/index.php\/wp-json\/wp\/v2\/pages"}],"about":[{"href":"https:\/\/ayhanelektromekanik.com\/index.php\/wp-json\/wp\/v2\/types\/page"}],"author":[{"embeddable":true,"href":"https:\/\/ayhanelektromekanik.com\/index.php\/wp-json\/wp\/v2\/users\/7"}],"replies":[{"embeddable":true,"href":"https:\/\/ayhanelektromekanik.com\/index.php\/wp-json\/wp\/v2\/comments?post=137"}],"version-history":[{"count":7,"href":"https:\/\/ayhanelektromekanik.com\/index.php\/wp-json\/wp\/v2\/pages\/137\/revisions"}],"predecessor-version":[{"id":1773,"href":"https:\/\/ayhanelektromekanik.com\/index.php\/wp-json\/wp\/v2\/pages\/137\/revisions\/1773"}],"wp:attachment":[{"href":"https:\/\/ayhanelektromekanik.com\/index.php\/wp-json\/wp\/v2\/media?parent=137"}],"curies":[{"name":"wp","href":"https:\/\/api.w.org\/{rel}","templated":true}]}}