{"id":1368,"date":"2020-10-29T00:17:17","date_gmt":"2020-10-28T21:17:17","guid":{"rendered":"https:\/\/ayhanelektromekanik.com\/?page_id=1368"},"modified":"2023-12-27T16:20:04","modified_gmt":"2023-12-27T13:20:04","slug":"kurumsal","status":"publish","type":"page","link":"https:\/\/ayhanelektromekanik.com\/index.php\/kurumsal\/","title":{"rendered":"Kurumsal"},"content":{"rendered":"<p>[vc_row][vc_column][vc_column_text]Ayhan Elektromekanik m\u00fc\u015fterilerine end\u00fcstriyel makinalar\u0131n imalat\u0131 ve kurulumlar\u0131 alan\u0131nda kaliteli ve profesyonel \u00e7\u00f6z\u00fcmler sunmak amac\u0131 ile 2012 y\u0131l\u0131nda Kocaeli&#8217;de kuruldu.<\/p>\n<p>Kuruldu\u011fu g\u00fcnden bug\u00fcne olduk\u00e7a farkl\u0131 anahtar teslim projelerini ba\u015far\u0131yla ger\u00e7ekle\u015ftiren \u015firket, anahtar teslimi fabrika montaj\u0131, demontaj\u0131, lojisti\u011fi, makine ve \u00fcretim hatt\u0131 montaj ve kurulumunu yenilik\u00e7i, rekabet g\u00fcc\u00fc y\u00fcksek, kaliteli ve tek elden daha h\u0131zl\u0131 \u00e7\u00f6z\u00fcme ula\u015ft\u0131rma ayr\u0131cal\u0131\u011f\u0131 sunuyor.<\/p>\n<p>Ayhan Elektromekanik sahip oldu\u011fu 450 m2\u2019lik at\u00f6lyesi ve proje tasar\u0131m ofisiyle imalat \u00e7al\u0131\u015fmalar\u0131n\u0131 y\u00fcr\u00fctmektedir. Ayr\u0131ca m\u00fc\u015fteri istekleri do\u011frultusunda bir sistemin yetersiz oldu\u011funu veya art\u0131k amac\u0131n\u0131 yerine getirmeyen bir sistem oldu\u011funu saptad\u0131\u011f\u0131nda sistemi tekrar ele al\u0131r, ergonomik olarak \u00e7al\u0131\u015fmas\u0131n\u0131 sa\u011flar.<\/p>\n<p><strong>Misyonumuz<\/strong><\/p>\n<p>Ayhan Elektromekanik \u00e7o\u011funlu\u011fu otomotiv sekt\u00f6r\u00fcnde ve yabanc\u0131 \u015firketlerden olu\u015fan imalat \u015firketlerinin T\u00fcrkiye&#8217;deki makine kurulumlar\u0131nda ana y\u00fcklenicili\u011fi \u00fcstlenip yap\u0131lan projenin teslim tarihine ve standartlara uygun bitirilmesini kendine g\u00f6rev edinmi\u015ftir.<\/p>\n<p><strong>Vizyonumuz<\/strong><\/p>\n<p>D\u00fcr\u00fcstl\u00fckten \u00f6d\u00fcn vermeden yolumuza devam ederek teknoloji ile paralel olarak geli\u015fmeye devam etmek, a\u00e7\u0131k ve ba\u015far\u0131l\u0131 ileti\u015fimi kullanmak, \u00e7al\u0131\u015fan ve m\u00fc\u015fteri mutlulu\u011funun \u00f6neminin her zaman fark\u0131nda olarak de\u011ferlerimiz do\u011frultusunda \u00e7al\u0131\u015fmalar\u0131m\u0131z\u0131\u00a0s\u00fcrd\u00fcrmektir.[\/vc_column_text][vc_empty_space height=&#8221;34px&#8221;][vc_column_text]<strong>Hizmetlerimiz<\/strong>:[\/vc_column_text][vc_empty_space height=&#8221;16px&#8221;]<ul class=\"list\"><li class=\"template-bullet \"><span>Mekani\u0307k Tasar\u0131m\u0131, i\u0307malat\u0131 ve Montaj\u0131<\/span><\/li><li class=\"template-bullet \"><span>Elektri\u0307k Ve Otomasyon<\/span><\/li><li class=\"template-bullet \"><span>Test ve devreye alma<\/span><\/li><li class=\"template-bullet \"><span>Dan\u0131\u015fmanl\u0131k<\/span><\/li><\/ul>[vc_empty_space height=&#8221;34px&#8221;][\/vc_column][\/vc_row]<\/p>\n","protected":false},"excerpt":{"rendered":"<p>[vc_row][vc_column][vc_column_text]Ayhan Elektromekanik m\u00fc\u015fterilerine end\u00fcstriyel makinalar\u0131n imalat\u0131 ve kurulumlar\u0131 alan\u0131nda kaliteli ve profesyonel \u00e7\u00f6z\u00fcmler sunmak amac\u0131 ile 2012 y\u0131l\u0131nda Kocaeli&#8217;de kuruldu. Kuruldu\u011fu g\u00fcnden bug\u00fcne olduk\u00e7a farkl\u0131 anahtar teslim projelerini ba\u015far\u0131yla ger\u00e7ekle\u015ftiren \u015firket, anahtar teslimi fabrika montaj\u0131, demontaj\u0131, lojisti\u011fi, makine ve \u00fcretim hatt\u0131 montaj ve kurulumunu yenilik\u00e7i, rekabet g\u00fcc\u00fc y\u00fcksek, kaliteli ve tek elden daha h\u0131zl\u0131 \u00e7\u00f6z\u00fcme<\/p>\n","protected":false},"author":7,"featured_media":0,"parent":0,"menu_order":0,"comment_status":"closed","ping_status":"closed","template":"","meta":{"footnotes":"","_vp_format_video_url":"","_vp_image_focal_point":[]},"_links":{"self":[{"href":"https:\/\/ayhanelektromekanik.com\/index.php\/wp-json\/wp\/v2\/pages\/1368"}],"collection":[{"href":"https:\/\/ayhanelektromekanik.com\/index.php\/wp-json\/wp\/v2\/pages"}],"about":[{"href":"https:\/\/ayhanelektromekanik.com\/index.php\/wp-json\/wp\/v2\/types\/page"}],"author":[{"embeddable":true,"href":"https:\/\/ayhanelektromekanik.com\/index.php\/wp-json\/wp\/v2\/users\/7"}],"replies":[{"embeddable":true,"href":"https:\/\/ayhanelektromekanik.com\/index.php\/wp-json\/wp\/v2\/comments?post=1368"}],"version-history":[{"count":14,"href":"https:\/\/ayhanelektromekanik.com\/index.php\/wp-json\/wp\/v2\/pages\/1368\/revisions"}],"predecessor-version":[{"id":1682,"href":"https:\/\/ayhanelektromekanik.com\/index.php\/wp-json\/wp\/v2\/pages\/1368\/revisions\/1682"}],"wp:attachment":[{"href":"https:\/\/ayhanelektromekanik.com\/index.php\/wp-json\/wp\/v2\/media?parent=1368"}],"curies":[{"name":"wp","href":"https:\/\/api.w.org\/{rel}","templated":true}]}}